{"id":35,"date":"2019-03-27T12:34:17","date_gmt":"2019-03-27T12:34:17","guid":{"rendered":"http:\/\/hernanboeri.cl\/v3\/?page_id=35"},"modified":"2019-06-27T15:37:20","modified_gmt":"2019-06-27T15:37:20","slug":"contact-2","status":"publish","type":"page","link":"https:\/\/hernanboeri.cl\/v3\/en\/contact-2\/","title":{"rendered":"Contact"},"content":{"rendered":"<section class=\"l-section wpb_row height_medium\"><div class=\"l-section-h i-cf\"><div class=\"g-cols vc_row type_default valign_top\"><div class=\"vc_col-sm-8 wpb_column vc_column_container\"><div class=\"vc_column-inner\"><div class=\"wpb_wrapper\">\r\n\t<div class=\"wpb_text_column \">\r\n\t\t<div class=\"wpb_wrapper\">\r\n\t\t\t<p style=\"text-align: left;\">To request more information about our products and services, you can use the following contact form or contact us by phone.<\/p>\n\r\n\t\t<\/div>\r\n\t<\/div>\r\n<div class=\"w-separator size_medium\"><\/div><div class=\"w-contacts\"><div class=\"w-contacts-list\"><div class=\"w-contacts-item for_address\"><span class=\"w-contacts-item-value\">Bandera 899, Concepci\u00f3n - Chile<\/span><\/div><div class=\"w-contacts-item for_phone\"><span class=\"w-contacts-item-value\">+56 41-2853025 \/ +56 41-2853026<\/span><\/div><div class=\"w-contacts-item for_email\"><span class=\"w-contacts-item-value\"><a href=\"mailto:ventas@hernanboeri.cl\">ventas@hernanboeri.cl<\/a><\/span><\/div><\/div><\/div><\/div><\/div><\/div><div class=\"vc_col-sm-4 wpb_column vc_column_container\"><div class=\"vc_column-inner\"><div class=\"wpb_wrapper\"><div class=\"w-image align_none\"><div class=\"w-image-h\"><img loading=\"lazy\" decoding=\"async\" width=\"1024\" height=\"684\" src=\"https:\/\/hernanboeri.cl\/v3\/wp-content\/uploads\/2019\/04\/hb_bck-1024x684.jpg\" class=\"attachment-large size-large\" alt=\"\" srcset=\"https:\/\/hernanboeri.cl\/v3\/wp-content\/uploads\/2019\/04\/hb_bck-1024x684.jpg 1024w, https:\/\/hernanboeri.cl\/v3\/wp-content\/uploads\/2019\/04\/hb_bck-300x200.jpg 300w, https:\/\/hernanboeri.cl\/v3\/wp-content\/uploads\/2019\/04\/hb_bck.jpg 1920w\" sizes=\"auto, (max-width: 1024px) 100vw, 1024px\" \/><\/div><\/div><\/div><\/div><\/div><\/div><\/div><\/section><section class=\"l-section wpb_row height_medium with_img parallax_fixed\"><div class=\"l-section-img\" style=\"background-image: url(https:\/\/hernanboeri.cl\/v3\/wp-content\/uploads\/2019\/04\/bkgnd.jpg);\" data-img-width=\"3000\" data-img-height=\"1558\"><\/div><div class=\"l-section-h i-cf\"><div class=\"g-cols vc_row type_default valign_top\"><div class=\"vc_col-sm-6 wpb_column vc_column_container\"><div class=\"vc_column-inner\"><div class=\"wpb_wrapper\"><div class=\"w-form for_cform us_form_1\">\r\n\t<form class=\"w-form-h\" autocomplete=\"off\" action=\"https:\/\/hernanboeri.cl\/v3\/v3\/wp-json\/wp\/v2\/pages\/35\" method=\"post\">\r\n\t\t\t\t<div class=\"w-form-row for_text required\">\r\n\t\t<div class=\"w-form-row-field\">\r\n\t\t\t\t<input type=\"text\" name=\"us_form_1_text_1\" aria-label=\"Name\" value=\"\" placeholder=\"Name *\" data-required=\"true\" aria-required=\"true\"\/>\r\n\t\t<span class=\"w-form-row-field-bar\"><\/span>\r\n\t\t\t<\/div>\r\n\t\t<div class=\"w-form-row-state\">Fill out this field<\/div>\r\n<\/div>\r\n\t\t<div class=\"w-form-row for_email required\">\r\n\t\t<div class=\"w-form-row-field\">\r\n\t\t\t\t<input type=\"email\" name=\"us_form_1_email_1\" aria-label=\"E-mail\" value=\"\" placeholder=\"E-mail *\" data-required=\"true\" aria-required=\"true\"\/>\r\n\t\t<span class=\"w-form-row-field-bar\"><\/span>\r\n\t\t\t<\/div>\r\n\t\t<div class=\"w-form-row-state\">Por favor, introduce una direcci\u00f3n de correo electr\u00f3nico v\u00e1lida.<\/div>\r\n<\/div>\r\n\t\t<div class=\"w-form-row for_text required\">\r\n\t\t<div class=\"w-form-row-field\">\r\n\t\t\t\t<input type=\"text\" name=\"us_form_1_text_2\" aria-label=\"Phone\" value=\"\" placeholder=\"Phone *\" data-required=\"true\" aria-required=\"true\"\/>\r\n\t\t<span class=\"w-form-row-field-bar\"><\/span>\r\n\t\t\t<\/div>\r\n\t\t<div class=\"w-form-row-state\">Fill out this field<\/div>\r\n<\/div>\r\n\t\t<div class=\"w-form-row for_text required\">\r\n\t\t<div class=\"w-form-row-field\">\r\n\t\t\t\t<input type=\"text\" name=\"us_form_1_text_3\" aria-label=\"Organization\" value=\"\" placeholder=\"Organization *\" data-required=\"true\" aria-required=\"true\"\/>\r\n\t\t<span class=\"w-form-row-field-bar\"><\/span>\r\n\t\t\t<\/div>\r\n\t\t<div class=\"w-form-row-state\">Fill out this field<\/div>\r\n<\/div>\r\n\t\t<div class=\"w-form-row for_textarea required\">\r\n\t\t<div class=\"w-form-row-field\">\r\n\t\t\t\t<textarea  name=\"us_form_1_textarea_1\" aria-label=\"Your message here\" placeholder=\"Your message here *\" data-required=\"true\" aria-required=\"true\"><\/textarea>\r\n\t\t<span class=\"w-form-row-field-bar\"><\/span>\r\n\t\t\t<\/div>\r\n\t\t<div class=\"w-form-row-state\">Fill out this field<\/div>\r\n<\/div>\r\n\t\t<div class=\"w-form-row for_captcha required\">\r\n\t<div class=\"w-form-row-label\">\r\n\t\t<span> <span>26 + 1 = ?<\/span><\/span>\r\n\t<\/div>\r\n\t<div class=\"w-form-row-field\">\r\n\t\t\t\t<input type=\"hidden\" name=\"us_form_1_captcha_1_hash\" value=\"ee024dfeb08ec9adc7521edf72528dc2\" \/>\r\n\t\t\t\t<input type=\"text\" name=\"us_form_1_captcha_1\" aria-label=\"us_form_1_captcha_1\" placeholder=\"\" data-required=\"true\" aria-required=\"true\"\"\/>\r\n\t\t<span class=\"w-form-row-field-bar\"><\/span>\r\n\t\t\t<\/div>\r\n\t\t<div class=\"w-form-row-state\">Enter the equation result to proceed<\/div>\r\n<\/div>\r\n\t\t<input type=\"hidden\" name=\"action\" value=\"us_ajax_cform\" \/>\r\n\t\t<input type=\"hidden\" name=\"post_id\" value=\"35\" \/>\r\n\t\t<input type=\"hidden\" name=\"form_index\" value=\"1\" \/>\r\n\t\t<div class=\"w-form-row for_submit align_left\">\r\n\t<div class=\"w-form-row-field\">\r\n\t\t\t\t<button class=\"w-btn  us-btn-style_1\"  style=\"font-size:14px;\" type=\"submit\" aria-label=\"Enviar\">\r\n\t\t\t<span class=\"g-preloader type_1\"><\/span>\r\n\t\t\t\t\t\t<span class=\"w-btn-label\">Enviar<\/span>\r\n\t\t\t\t\t<\/button>\r\n\t<\/div>\r\n<\/div>\r\n\t\t\t\t<div class=\"w-form-message\"><\/div>\r\n\t\t\t<\/form>\r\n\t<div class=\"w-form-json hidden\" onclick='return {&quot;ajaxurl&quot;:&quot;https:\\\/\\\/hernanboeri.cl\\\/v3\\\/wp-admin\\\/admin-ajax.php&quot;}'><\/div>\r\n<\/div><\/div><\/div><\/div><div class=\"vc_col-sm-6 wpb_column vc_column_container\"><div class=\"vc_column-inner\"><div class=\"wpb_wrapper\"><div class=\"w-map provider_google us_map_1\" id=\"us_map_1\" style=\"height:400px;\"><div class=\"w-map-json\" onclick='return {&quot;address&quot;:&quot;-36.814679, -73.054162&quot;,&quot;markers&quot;:[{&quot;address&quot;:&quot;-36.814679, -73.054162&quot;,&quot;html&quot;:&quot;&lt;h6&gt;Hey, we are here!&lt;\\\/h6&gt;&lt;p&gt;We will be glad to see you in our office.&lt;\\\/p&gt;&quot;,&quot;infowindow&quot;:false}],&quot;zoom&quot;:14,&quot;maptype&quot;:&quot;ROADMAP&quot;,&quot;height&quot;:&quot;400&quot;}'><\/div><\/div><\/div><\/div><\/div><\/div><\/div><\/section><!-- Row Backgrounds --><div class=\"upb_color\" data-bg-override=\"0\" data-bg-color=\"#dbdbdb\" data-fadeout=\"\" data-fadeout-percentage=\"30\" data-parallax-content=\"\" data-parallax-content-sense=\"30\" data-row-effect-mobile-disable=\"true\" data-img-parallax-mobile-disable=\"true\" data-rtl=\"false\"  data-custom-vc-row=\"\"  data-vc=\"5.7\"  data-is_old_vc=\"\"  data-theme-support=\"\"   data-overlay=\"false\" data-overlay-color=\"\" data-overlay-pattern=\"\" data-overlay-pattern-opacity=\"\" data-overlay-pattern-size=\"\"    ><\/div>\n","protected":false},"excerpt":{"rendered":"To request more information about our products and services, you can use the following contact form or contact us by phone. Bandera 899, Concepci\u00f3n - Chile+56 41-2853025 \/ +56 41-2853026ventas@hernanboeri.cl Fill out this field Por favor, introduce una direcci\u00f3n de correo electr\u00f3nico v\u00e1lida. Fill out this field Fill out this field Fill out this field...","protected":false},"author":1,"featured_media":0,"parent":0,"menu_order":0,"comment_status":"closed","ping_status":"closed","template":"","meta":{"footnotes":""},"class_list":["post-35","page","type-page","status-publish","hentry"],"_links":{"self":[{"href":"https:\/\/hernanboeri.cl\/v3\/wp-json\/wp\/v2\/pages\/35","targetHints":{"allow":["GET"]}}],"collection":[{"href":"https:\/\/hernanboeri.cl\/v3\/wp-json\/wp\/v2\/pages"}],"about":[{"href":"https:\/\/hernanboeri.cl\/v3\/wp-json\/wp\/v2\/types\/page"}],"author":[{"embeddable":true,"href":"https:\/\/hernanboeri.cl\/v3\/wp-json\/wp\/v2\/users\/1"}],"replies":[{"embeddable":true,"href":"https:\/\/hernanboeri.cl\/v3\/wp-json\/wp\/v2\/comments?post=35"}],"version-history":[{"count":37,"href":"https:\/\/hernanboeri.cl\/v3\/wp-json\/wp\/v2\/pages\/35\/revisions"}],"predecessor-version":[{"id":604,"href":"https:\/\/hernanboeri.cl\/v3\/wp-json\/wp\/v2\/pages\/35\/revisions\/604"}],"wp:attachment":[{"href":"https:\/\/hernanboeri.cl\/v3\/wp-json\/wp\/v2\/media?parent=35"}],"curies":[{"name":"wp","href":"https:\/\/api.w.org\/{rel}","templated":true}]}}