{"id":31,"date":"2019-03-27T12:33:34","date_gmt":"2019-03-27T12:33:34","guid":{"rendered":"http:\/\/hernanboeri.cl\/v3\/?page_id=31"},"modified":"2022-11-18T14:28:10","modified_gmt":"2022-11-18T14:28:10","slug":"fabricacion-pallets","status":"publish","type":"page","link":"https:\/\/hernanboeri.cl\/v3\/fabricacion-pallets\/","title":{"rendered":"Maquinaria para la Fabricaci\u00f3n de Pallets"},"content":{"rendered":"<section class=\"l-section wpb_row height_medium\"><div class=\"l-section-h i-cf\"><div class=\"g-cols vc_row type_default valign_top\"><div class=\"vc_col-sm-9 wpb_column vc_column_container\"><div class=\"vc_column-inner\"><div class=\"wpb_wrapper\">\r\n\t<div class=\"wpb_text_column \">\r\n\t\t<div class=\"wpb_wrapper\">\r\n\t\t\t<p><em>Hern\u00e1n Boeri y Compa\u00f1\u00eda<\/em> representa exclusivamente en Chile a <strong>Storti<\/strong>, empresa italiana especialista en la fabricaci\u00f3n de maquinaria para el trabajo de la madera.<\/p>\n<p>Con m\u00e1s de 50 a\u00f1os de experiencia en el sector, <strong>Storti<\/strong> se ha impuesto como uno de los l\u00edderes a nivel internacional entre los fabricantes de maquinarias para el trabajo de la madera. Este resultado se ha alcanzado mediante la mejora constante de los sistemas de dise\u00f1o y producci\u00f3n, junto con la pasi\u00f3n y la formaci\u00f3n continua del excelente personal de la empresa.<\/p>\n<p>Storti propone una amplia gama de l\u00edneas de clavado para la realizaci\u00f3n de palets de 2 o de 4 entradas. Todos los sistemas aqu\u00ed propuestos, hidr\u00e1ulicos o mec\u00e1nicos, son personalizables con la incorporaci\u00f3n de varias m\u00e1quinas y podr\u00e1n adaptarse a cualquier exigencia de producci\u00f3n, garantizando la obtenci\u00f3n de un producto acabado de una calidad muy alta.<\/p>\n<p>M\u00e1s informaci\u00f3n: <a href=\"https:\/\/www.storti.it\/es\/\">https:\/\/www.storti.it\/es\/<\/a><\/p>\n\r\n\t\t<\/div>\r\n\t<\/div>\r\n<\/div><\/div><\/div><div class=\"vc_col-sm-3 wpb_column vc_column_container\"><div class=\"vc_column-inner\"><div class=\"wpb_wrapper\">\r\n\t<div class=\"wpb_text_column \">\r\n\t\t<div class=\"wpb_wrapper\">\r\n\t\t\t<h6><strong>CONT\u00c1CTANOS<\/strong><\/h6>\n\r\n\t\t<\/div>\r\n\t<\/div>\r\n<div class=\"w-separator size_small with_line width_default thick_1 style_solid color_border align_center\"><div class=\"w-separator-h\"><\/div><\/div>\r\n\t<div class=\"wpb_text_column \">\r\n\t\t<div class=\"wpb_wrapper\">\r\n\t\t\t<p><strong>Direcci\u00f3n<\/strong><br \/>\nBandera 899 Casilla 946 Concepci\u00f3n \u2013 Chile<\/p>\n<p><strong>Tel\u00e9fonos<\/strong><br \/>\n56 41-2853025<br \/>\n56 41-2853026<\/p>\n<p><strong>Fax<\/strong><br \/>\n56 41-2910085<\/p>\n<p><strong>E-mail<\/strong><br \/>\nventas@hernanboeri.cl<\/p>\n<p><strong>Contactos Ventas<\/strong><\/p>\n<p>Hern\u00e1n Boeri (Gerencia)<br \/>\nPatricia Carrasco (Ventas e Importaciones)<br \/>\nRodrigo Medina (Ventas VI \u2013 VII \u2013 VIII Regi\u00f3n)<br \/>\nRodrigo Araya (Ventas VIII \u2013 IX \u2013 X Regi\u00f3n)<\/p>\n\r\n\t\t<\/div>\r\n\t<\/div>\r\n<div class=\"w-separator size_small with_line width_default thick_1 style_solid color_border align_center\"><div class=\"w-separator-h\"><\/div><\/div><div class=\"w-btn-wrapper width_auto align_center\"><a class=\"w-btn us-btn-style_1\" href=\"http:\/\/hernanboeri.cl\/v3\/cotizaciones\/\"><span class=\"w-btn-label\">Cotizaciones<\/span><\/a><\/div><\/div><\/div><\/div><\/div><\/div><\/section><section class=\"l-section wpb_row height_medium\"><div class=\"l-section-h i-cf\"><div class=\"g-cols vc_row type_default valign_top\"><div class=\"vc_col-sm-12 wpb_column vc_column_container\"><div class=\"vc_column-inner\"><div class=\"wpb_wrapper\"><div id=\"ult-carousel-103136213969f383b296c53\" class=\"ult-carousel-wrapper   ult_horizontal\" data-gutter=\"15\" data-rtl=\"false\" ><div class=\"ult-carousel-44915563569f383b296be5 \" ><div class=\"ult-item-wrap\" data-animation=\"animated no-animation\"><div class=\"w-image align_center\"><a class=\"w-image-h\" href=\"https:\/\/hernanboeri.cl\/v3\/wp-content\/uploads\/2019\/06\/bck_g.jpg\" ref=\"magnificPopup\"><img loading=\"lazy\" decoding=\"async\" width=\"800\" height=\"800\" src=\"https:\/\/hernanboeri.cl\/v3\/wp-content\/uploads\/2019\/06\/bck_g.jpg\" class=\"attachment-full size-full\" alt=\"\" srcset=\"https:\/\/hernanboeri.cl\/v3\/wp-content\/uploads\/2019\/06\/bck_g.jpg 800w, https:\/\/hernanboeri.cl\/v3\/wp-content\/uploads\/2019\/06\/bck_g-150x150.jpg 150w, https:\/\/hernanboeri.cl\/v3\/wp-content\/uploads\/2019\/06\/bck_g-300x300.jpg 300w, https:\/\/hernanboeri.cl\/v3\/wp-content\/uploads\/2019\/06\/bck_g-350x350.jpg 350w, https:\/\/hernanboeri.cl\/v3\/wp-content\/uploads\/2019\/06\/bck_g-600x600.jpg 600w\" sizes=\"auto, (max-width: 800px) 100vw, 800px\" \/><\/a><\/div><\/div><div class=\"ult-item-wrap\" data-animation=\"animated no-animation\"><div class=\"w-image align_center\"><a class=\"w-image-h\" href=\"https:\/\/hernanboeri.cl\/v3\/wp-content\/uploads\/2019\/06\/bck_g.jpg\" ref=\"magnificPopup\"><img loading=\"lazy\" decoding=\"async\" width=\"800\" height=\"800\" src=\"https:\/\/hernanboeri.cl\/v3\/wp-content\/uploads\/2019\/06\/bck_g.jpg\" class=\"attachment-full size-full\" alt=\"\" srcset=\"https:\/\/hernanboeri.cl\/v3\/wp-content\/uploads\/2019\/06\/bck_g.jpg 800w, https:\/\/hernanboeri.cl\/v3\/wp-content\/uploads\/2019\/06\/bck_g-150x150.jpg 150w, https:\/\/hernanboeri.cl\/v3\/wp-content\/uploads\/2019\/06\/bck_g-300x300.jpg 300w, https:\/\/hernanboeri.cl\/v3\/wp-content\/uploads\/2019\/06\/bck_g-350x350.jpg 350w, https:\/\/hernanboeri.cl\/v3\/wp-content\/uploads\/2019\/06\/bck_g-600x600.jpg 600w\" sizes=\"auto, (max-width: 800px) 100vw, 800px\" \/><\/a><\/div><\/div><div class=\"ult-item-wrap\" data-animation=\"animated no-animation\"><div class=\"w-image align_center\"><a class=\"w-image-h\" href=\"https:\/\/hernanboeri.cl\/v3\/wp-content\/uploads\/2019\/06\/bck_g.jpg\" ref=\"magnificPopup\"><img loading=\"lazy\" decoding=\"async\" width=\"800\" height=\"800\" src=\"https:\/\/hernanboeri.cl\/v3\/wp-content\/uploads\/2019\/06\/bck_g.jpg\" class=\"attachment-full size-full\" alt=\"\" srcset=\"https:\/\/hernanboeri.cl\/v3\/wp-content\/uploads\/2019\/06\/bck_g.jpg 800w, https:\/\/hernanboeri.cl\/v3\/wp-content\/uploads\/2019\/06\/bck_g-150x150.jpg 150w, https:\/\/hernanboeri.cl\/v3\/wp-content\/uploads\/2019\/06\/bck_g-300x300.jpg 300w, https:\/\/hernanboeri.cl\/v3\/wp-content\/uploads\/2019\/06\/bck_g-350x350.jpg 350w, https:\/\/hernanboeri.cl\/v3\/wp-content\/uploads\/2019\/06\/bck_g-600x600.jpg 600w\" sizes=\"auto, (max-width: 800px) 100vw, 800px\" \/><\/a><\/div><\/div><div class=\"ult-item-wrap\" data-animation=\"animated no-animation\"><div class=\"w-image align_center\"><a class=\"w-image-h\" href=\"https:\/\/hernanboeri.cl\/v3\/wp-content\/uploads\/2019\/06\/bck_g.jpg\" ref=\"magnificPopup\"><img loading=\"lazy\" decoding=\"async\" width=\"800\" height=\"800\" src=\"https:\/\/hernanboeri.cl\/v3\/wp-content\/uploads\/2019\/06\/bck_g.jpg\" class=\"attachment-full size-full\" alt=\"\" srcset=\"https:\/\/hernanboeri.cl\/v3\/wp-content\/uploads\/2019\/06\/bck_g.jpg 800w, https:\/\/hernanboeri.cl\/v3\/wp-content\/uploads\/2019\/06\/bck_g-150x150.jpg 150w, https:\/\/hernanboeri.cl\/v3\/wp-content\/uploads\/2019\/06\/bck_g-300x300.jpg 300w, https:\/\/hernanboeri.cl\/v3\/wp-content\/uploads\/2019\/06\/bck_g-350x350.jpg 350w, https:\/\/hernanboeri.cl\/v3\/wp-content\/uploads\/2019\/06\/bck_g-600x600.jpg 600w\" sizes=\"auto, (max-width: 800px) 100vw, 800px\" \/><\/a><\/div><\/div><div class=\"ult-item-wrap\" data-animation=\"animated no-animation\"><div class=\"w-image align_center\"><a class=\"w-image-h\" href=\"https:\/\/hernanboeri.cl\/v3\/wp-content\/uploads\/2019\/06\/bck_g.jpg\" ref=\"magnificPopup\"><img loading=\"lazy\" decoding=\"async\" width=\"800\" height=\"800\" src=\"https:\/\/hernanboeri.cl\/v3\/wp-content\/uploads\/2019\/06\/bck_g.jpg\" class=\"attachment-full size-full\" alt=\"\" srcset=\"https:\/\/hernanboeri.cl\/v3\/wp-content\/uploads\/2019\/06\/bck_g.jpg 800w, https:\/\/hernanboeri.cl\/v3\/wp-content\/uploads\/2019\/06\/bck_g-150x150.jpg 150w, https:\/\/hernanboeri.cl\/v3\/wp-content\/uploads\/2019\/06\/bck_g-300x300.jpg 300w, https:\/\/hernanboeri.cl\/v3\/wp-content\/uploads\/2019\/06\/bck_g-350x350.jpg 350w, https:\/\/hernanboeri.cl\/v3\/wp-content\/uploads\/2019\/06\/bck_g-600x600.jpg 600w\" sizes=\"auto, (max-width: 800px) 100vw, 800px\" \/><\/a><\/div><\/div><div class=\"ult-item-wrap\" data-animation=\"animated no-animation\"><div class=\"w-image align_center\"><a class=\"w-image-h\" href=\"https:\/\/hernanboeri.cl\/v3\/wp-content\/uploads\/2019\/06\/bck_g.jpg\" ref=\"magnificPopup\"><img loading=\"lazy\" decoding=\"async\" width=\"800\" height=\"800\" src=\"https:\/\/hernanboeri.cl\/v3\/wp-content\/uploads\/2019\/06\/bck_g.jpg\" class=\"attachment-full size-full\" alt=\"\" srcset=\"https:\/\/hernanboeri.cl\/v3\/wp-content\/uploads\/2019\/06\/bck_g.jpg 800w, https:\/\/hernanboeri.cl\/v3\/wp-content\/uploads\/2019\/06\/bck_g-150x150.jpg 150w, https:\/\/hernanboeri.cl\/v3\/wp-content\/uploads\/2019\/06\/bck_g-300x300.jpg 300w, https:\/\/hernanboeri.cl\/v3\/wp-content\/uploads\/2019\/06\/bck_g-350x350.jpg 350w, https:\/\/hernanboeri.cl\/v3\/wp-content\/uploads\/2019\/06\/bck_g-600x600.jpg 600w\" sizes=\"auto, (max-width: 800px) 100vw, 800px\" \/><\/a><\/div><\/div><\/div><\/div>\t\t\t<script type=\"text\/javascript\">\r\n\t\t\t\tjQuery(document).ready(function ($) {\r\n\t\t\t\t\tif( typeof jQuery('.ult-carousel-44915563569f383b296be5').slick == \"function\"){\r\n\t\t\t\t\t\t$('.ult-carousel-44915563569f383b296be5').slick({dots: true,autoplay: true,autoplaySpeed: 5000,speed: 300,infinite: true,arrows: true,nextArrow: '<button type=\"button\" role=\"button\" aria-label=\"Next\" style=\"color:#333333; font-size:20px;\" class=\"slick-next default\"><i class=\"ultsl-arrow-right4\"><\/i><\/button>',prevArrow: '<button type=\"button\" role=\"button\" aria-label=\"Previous\" style=\"color:#333333; font-size:20px;\" class=\"slick-prev default\"><i class=\"ultsl-arrow-left4\"><\/i><\/button>',slidesToScroll:5,slidesToShow:5,swipe: true,draggable: true,touchMove: true,pauseOnHover: true,pauseOnFocus: false,responsive: [\r\n\t\t\t\t\t\t\t{\r\n\t\t\t\t\t\t\t  breakpoint: 1026,\r\n\t\t\t\t\t\t\t  settings: {\r\n\t\t\t\t\t\t\t\tslidesToShow: 5,\r\n\t\t\t\t\t\t\t\tslidesToScroll: 5,  \r\n\t\t\t\t\t\t\t  }\r\n\t\t\t\t\t\t\t},\r\n\t\t\t\t\t\t\t{\r\n\t\t\t\t\t\t\t  breakpoint: 1025,\r\n\t\t\t\t\t\t\t  settings: {\r\n\t\t\t\t\t\t\t\tslidesToShow: 3,\r\n\t\t\t\t\t\t\t\tslidesToScroll: 3\r\n\t\t\t\t\t\t\t  }\r\n\t\t\t\t\t\t\t},\r\n\t\t\t\t\t\t\t{\r\n\t\t\t\t\t\t\t  breakpoint: 760,\r\n\t\t\t\t\t\t\t  settings: {\r\n\t\t\t\t\t\t\t\tslidesToShow: 2,\r\n\t\t\t\t\t\t\t\tslidesToScroll: 2\r\n\t\t\t\t\t\t\t  }\r\n\t\t\t\t\t\t\t}\r\n\t\t\t\t\t\t],pauseOnDotsHover: true,customPaging: function(slider, i) {\r\n                   return '<i type=\"button\" style= \"color:#333333;\" class=\"ultsl-record\" data-role=\"none\"><\/i>';\r\n                },});\r\n\t\t\t\t\t}\r\n\t\t\t\t});\r\n\t\t\t<\/script>\r\n\t\t\t<\/div><\/div><\/div><\/div><\/div><\/section>\n","protected":false},"excerpt":{"rendered":"Hern\u00e1n Boeri y Compa\u00f1\u00eda representa exclusivamente en Chile a Storti, empresa italiana especialista en la fabricaci\u00f3n de maquinaria para el trabajo de la madera. Con m\u00e1s de 50 a\u00f1os de experiencia en el sector, Storti se ha impuesto como uno de los l\u00edderes a nivel internacional entre los fabricantes de maquinarias para el trabajo de...","protected":false},"author":1,"featured_media":480,"parent":0,"menu_order":0,"comment_status":"closed","ping_status":"closed","template":"","meta":{"footnotes":""},"class_list":["post-31","page","type-page","status-publish","has-post-thumbnail","hentry"],"_links":{"self":[{"href":"https:\/\/hernanboeri.cl\/v3\/wp-json\/wp\/v2\/pages\/31","targetHints":{"allow":["GET"]}}],"collection":[{"href":"https:\/\/hernanboeri.cl\/v3\/wp-json\/wp\/v2\/pages"}],"about":[{"href":"https:\/\/hernanboeri.cl\/v3\/wp-json\/wp\/v2\/types\/page"}],"author":[{"embeddable":true,"href":"https:\/\/hernanboeri.cl\/v3\/wp-json\/wp\/v2\/users\/1"}],"replies":[{"embeddable":true,"href":"https:\/\/hernanboeri.cl\/v3\/wp-json\/wp\/v2\/comments?post=31"}],"version-history":[{"count":6,"href":"https:\/\/hernanboeri.cl\/v3\/wp-json\/wp\/v2\/pages\/31\/revisions"}],"predecessor-version":[{"id":607,"href":"https:\/\/hernanboeri.cl\/v3\/wp-json\/wp\/v2\/pages\/31\/revisions\/607"}],"wp:featuredmedia":[{"embeddable":true,"href":"https:\/\/hernanboeri.cl\/v3\/wp-json\/wp\/v2\/media\/480"}],"wp:attachment":[{"href":"https:\/\/hernanboeri.cl\/v3\/wp-json\/wp\/v2\/media?parent=31"}],"curies":[{"name":"wp","href":"https:\/\/api.w.org\/{rel}","templated":true}]}}