{"id":29,"date":"2019-03-27T12:33:00","date_gmt":"2019-03-27T12:33:00","guid":{"rendered":"http:\/\/hernanboeri.cl\/v3\/?page_id=29"},"modified":"2019-06-22T04:53:42","modified_gmt":"2019-06-22T04:53:42","slug":"maquinaria-elaboracion-madera","status":"publish","type":"page","link":"https:\/\/hernanboeri.cl\/v3\/maquinaria-elaboracion-madera\/","title":{"rendered":"Maquinaria Elaboraci\u00f3n Madera"},"content":{"rendered":"<section class=\"l-section wpb_row height_medium\"><div class=\"l-section-h i-cf\"><div class=\"g-cols vc_row type_default valign_top\"><div class=\"vc_col-sm-9 wpb_column vc_column_container\"><div class=\"vc_column-inner\"><div class=\"wpb_wrapper\">\r\n\t<div class=\"wpb_text_column \">\r\n\t\t<div class=\"wpb_wrapper\">\r\n\t\t\t<p><strong>Ledinek<\/strong>, importante fabricante de m\u00e1quinas especializadas para la transformaci\u00f3n de la madera, es representado exclusivamente en Chile por Hern\u00e1n Boeri. Los prestigiosos productos Ledinek est\u00e1n enfocadas en lograr elevados niveles de producci\u00f3n con gran eficiencia, altos est\u00e1ndares de calidad, bajos costos de mantenimiento y alta seguridad en la operaci\u00f3n.<\/p>\n<p>Podemos destacar las siguientes l\u00edneas de productos:<\/p>\n<ul>\n<li>Cepilladoras de alta velocidad<\/li>\n<li>Moldureras<\/li>\n<li>Calibradoras<\/li>\n<li>Sierras partidoras<\/li>\n<li>L\u00edneas de Finger Joint<\/li>\n<li>Prensas<\/li>\n<li>L\u00edneas de Parquet<\/li>\n<\/ul>\n<p>Esta empresa ha desarrollado una tecnolog\u00eda de punta tras a\u00f1os de investigaci\u00f3n. Sus maquinarias son hechas con avanzados procedimientos de producci\u00f3n, utilizando componentes de alt\u00edsima calidad que garantizan una elevada productividad, con bajos costos de mantenimiento y una operaci\u00f3n con m\u00e1xima seguridad. Otra de las caracter\u00edsticas remarcable es su alta velocidad de producci\u00f3n, manteniendo la calidad del producto obtenido.<\/p>\n<p>La maquinaria Ledinek asegura procesos de grandes rendimientos y excelente calidad que pueden traducirse en importantes ahorros para las l\u00edneas de producci\u00f3n.<\/p>\n<p>M\u00e1s informaci\u00f3n: <a href=\"https:\/\/www.ledinek.com\/\">https:\/\/www.ledinek.com\/<\/a><\/p>\n\r\n\t\t<\/div>\r\n\t<\/div>\r\n<div class=\"w-video ratio_16x9 vc_custom_1561176336909\"><div class=\"w-video-h\"><iframe src=\"\/\/www.youtube.com\/embed\/43eIo0wLZxw?rel=0?showinfo=0\" allowfullscreen=\"1\"><\/iframe><\/div><\/div><div id=\"ult-carousel-133617265669e841fc1fb36\" class=\"ult-carousel-wrapper   ult_horizontal\" data-gutter=\"15\" data-rtl=\"false\" ><div class=\"ult-carousel-27639835169e841fc1f8b7 \" ><div class=\"ult-item-wrap\" data-animation=\"animated no-animation\"><div class=\"w-image align_center\"><a class=\"w-image-h\" href=\"https:\/\/hernanboeri.cl\/v3\/wp-content\/uploads\/2019\/06\/bck_g.jpg\" ref=\"magnificPopup\"><img loading=\"lazy\" decoding=\"async\" width=\"800\" height=\"800\" src=\"https:\/\/hernanboeri.cl\/v3\/wp-content\/uploads\/2019\/06\/bck_g.jpg\" class=\"attachment-full size-full\" alt=\"\" srcset=\"https:\/\/hernanboeri.cl\/v3\/wp-content\/uploads\/2019\/06\/bck_g.jpg 800w, https:\/\/hernanboeri.cl\/v3\/wp-content\/uploads\/2019\/06\/bck_g-150x150.jpg 150w, https:\/\/hernanboeri.cl\/v3\/wp-content\/uploads\/2019\/06\/bck_g-300x300.jpg 300w, https:\/\/hernanboeri.cl\/v3\/wp-content\/uploads\/2019\/06\/bck_g-350x350.jpg 350w, https:\/\/hernanboeri.cl\/v3\/wp-content\/uploads\/2019\/06\/bck_g-600x600.jpg 600w\" sizes=\"auto, (max-width: 800px) 100vw, 800px\" \/><\/a><\/div><\/div><div class=\"ult-item-wrap\" data-animation=\"animated no-animation\"><div class=\"w-image align_center\"><a class=\"w-image-h\" href=\"https:\/\/hernanboeri.cl\/v3\/wp-content\/uploads\/2019\/06\/bck_g.jpg\" ref=\"magnificPopup\"><img loading=\"lazy\" decoding=\"async\" width=\"800\" height=\"800\" src=\"https:\/\/hernanboeri.cl\/v3\/wp-content\/uploads\/2019\/06\/bck_g.jpg\" class=\"attachment-full size-full\" alt=\"\" srcset=\"https:\/\/hernanboeri.cl\/v3\/wp-content\/uploads\/2019\/06\/bck_g.jpg 800w, https:\/\/hernanboeri.cl\/v3\/wp-content\/uploads\/2019\/06\/bck_g-150x150.jpg 150w, https:\/\/hernanboeri.cl\/v3\/wp-content\/uploads\/2019\/06\/bck_g-300x300.jpg 300w, https:\/\/hernanboeri.cl\/v3\/wp-content\/uploads\/2019\/06\/bck_g-350x350.jpg 350w, https:\/\/hernanboeri.cl\/v3\/wp-content\/uploads\/2019\/06\/bck_g-600x600.jpg 600w\" sizes=\"auto, (max-width: 800px) 100vw, 800px\" \/><\/a><\/div><\/div><div class=\"ult-item-wrap\" data-animation=\"animated no-animation\"><div class=\"w-image align_center\"><a class=\"w-image-h\" href=\"https:\/\/hernanboeri.cl\/v3\/wp-content\/uploads\/2019\/06\/bck_g.jpg\" ref=\"magnificPopup\"><img loading=\"lazy\" decoding=\"async\" width=\"800\" height=\"800\" src=\"https:\/\/hernanboeri.cl\/v3\/wp-content\/uploads\/2019\/06\/bck_g.jpg\" class=\"attachment-full size-full\" alt=\"\" srcset=\"https:\/\/hernanboeri.cl\/v3\/wp-content\/uploads\/2019\/06\/bck_g.jpg 800w, https:\/\/hernanboeri.cl\/v3\/wp-content\/uploads\/2019\/06\/bck_g-150x150.jpg 150w, https:\/\/hernanboeri.cl\/v3\/wp-content\/uploads\/2019\/06\/bck_g-300x300.jpg 300w, https:\/\/hernanboeri.cl\/v3\/wp-content\/uploads\/2019\/06\/bck_g-350x350.jpg 350w, https:\/\/hernanboeri.cl\/v3\/wp-content\/uploads\/2019\/06\/bck_g-600x600.jpg 600w\" sizes=\"auto, (max-width: 800px) 100vw, 800px\" \/><\/a><\/div><\/div><div class=\"ult-item-wrap\" data-animation=\"animated no-animation\"><div class=\"w-image align_center\"><a class=\"w-image-h\" href=\"https:\/\/hernanboeri.cl\/v3\/wp-content\/uploads\/2019\/06\/bck_g.jpg\" ref=\"magnificPopup\"><img loading=\"lazy\" decoding=\"async\" width=\"800\" height=\"800\" src=\"https:\/\/hernanboeri.cl\/v3\/wp-content\/uploads\/2019\/06\/bck_g.jpg\" class=\"attachment-full size-full\" alt=\"\" srcset=\"https:\/\/hernanboeri.cl\/v3\/wp-content\/uploads\/2019\/06\/bck_g.jpg 800w, https:\/\/hernanboeri.cl\/v3\/wp-content\/uploads\/2019\/06\/bck_g-150x150.jpg 150w, https:\/\/hernanboeri.cl\/v3\/wp-content\/uploads\/2019\/06\/bck_g-300x300.jpg 300w, https:\/\/hernanboeri.cl\/v3\/wp-content\/uploads\/2019\/06\/bck_g-350x350.jpg 350w, https:\/\/hernanboeri.cl\/v3\/wp-content\/uploads\/2019\/06\/bck_g-600x600.jpg 600w\" sizes=\"auto, (max-width: 800px) 100vw, 800px\" \/><\/a><\/div><\/div><div class=\"ult-item-wrap\" data-animation=\"animated no-animation\"><div class=\"w-image align_center\"><a class=\"w-image-h\" href=\"https:\/\/hernanboeri.cl\/v3\/wp-content\/uploads\/2019\/06\/bck_g.jpg\" ref=\"magnificPopup\"><img loading=\"lazy\" decoding=\"async\" width=\"800\" height=\"800\" src=\"https:\/\/hernanboeri.cl\/v3\/wp-content\/uploads\/2019\/06\/bck_g.jpg\" class=\"attachment-full size-full\" alt=\"\" srcset=\"https:\/\/hernanboeri.cl\/v3\/wp-content\/uploads\/2019\/06\/bck_g.jpg 800w, https:\/\/hernanboeri.cl\/v3\/wp-content\/uploads\/2019\/06\/bck_g-150x150.jpg 150w, https:\/\/hernanboeri.cl\/v3\/wp-content\/uploads\/2019\/06\/bck_g-300x300.jpg 300w, https:\/\/hernanboeri.cl\/v3\/wp-content\/uploads\/2019\/06\/bck_g-350x350.jpg 350w, https:\/\/hernanboeri.cl\/v3\/wp-content\/uploads\/2019\/06\/bck_g-600x600.jpg 600w\" sizes=\"auto, (max-width: 800px) 100vw, 800px\" \/><\/a><\/div><\/div><div class=\"ult-item-wrap\" data-animation=\"animated no-animation\"><div class=\"w-image align_center\"><a class=\"w-image-h\" href=\"https:\/\/hernanboeri.cl\/v3\/wp-content\/uploads\/2019\/06\/bck_g.jpg\" ref=\"magnificPopup\"><img loading=\"lazy\" decoding=\"async\" width=\"800\" height=\"800\" src=\"https:\/\/hernanboeri.cl\/v3\/wp-content\/uploads\/2019\/06\/bck_g.jpg\" class=\"attachment-full size-full\" alt=\"\" srcset=\"https:\/\/hernanboeri.cl\/v3\/wp-content\/uploads\/2019\/06\/bck_g.jpg 800w, https:\/\/hernanboeri.cl\/v3\/wp-content\/uploads\/2019\/06\/bck_g-150x150.jpg 150w, https:\/\/hernanboeri.cl\/v3\/wp-content\/uploads\/2019\/06\/bck_g-300x300.jpg 300w, https:\/\/hernanboeri.cl\/v3\/wp-content\/uploads\/2019\/06\/bck_g-350x350.jpg 350w, https:\/\/hernanboeri.cl\/v3\/wp-content\/uploads\/2019\/06\/bck_g-600x600.jpg 600w\" sizes=\"auto, (max-width: 800px) 100vw, 800px\" \/><\/a><\/div><\/div><\/div><\/div>\t\t\t<script type=\"text\/javascript\">\r\n\t\t\t\tjQuery(document).ready(function ($) {\r\n\t\t\t\t\tif( typeof jQuery('.ult-carousel-27639835169e841fc1f8b7').slick == \"function\"){\r\n\t\t\t\t\t\t$('.ult-carousel-27639835169e841fc1f8b7').slick({dots: true,autoplay: true,autoplaySpeed: 5000,speed: 300,infinite: true,arrows: true,nextArrow: '<button type=\"button\" role=\"button\" aria-label=\"Next\" style=\"color:#333333; font-size:20px;\" class=\"slick-next default\"><i class=\"ultsl-arrow-right4\"><\/i><\/button>',prevArrow: '<button type=\"button\" role=\"button\" aria-label=\"Previous\" style=\"color:#333333; font-size:20px;\" class=\"slick-prev default\"><i class=\"ultsl-arrow-left4\"><\/i><\/button>',slidesToScroll:5,slidesToShow:5,swipe: true,draggable: true,touchMove: true,pauseOnHover: true,pauseOnFocus: false,responsive: [\r\n\t\t\t\t\t\t\t{\r\n\t\t\t\t\t\t\t  breakpoint: 1026,\r\n\t\t\t\t\t\t\t  settings: {\r\n\t\t\t\t\t\t\t\tslidesToShow: 5,\r\n\t\t\t\t\t\t\t\tslidesToScroll: 5,  \r\n\t\t\t\t\t\t\t  }\r\n\t\t\t\t\t\t\t},\r\n\t\t\t\t\t\t\t{\r\n\t\t\t\t\t\t\t  breakpoint: 1025,\r\n\t\t\t\t\t\t\t  settings: {\r\n\t\t\t\t\t\t\t\tslidesToShow: 3,\r\n\t\t\t\t\t\t\t\tslidesToScroll: 3\r\n\t\t\t\t\t\t\t  }\r\n\t\t\t\t\t\t\t},\r\n\t\t\t\t\t\t\t{\r\n\t\t\t\t\t\t\t  breakpoint: 760,\r\n\t\t\t\t\t\t\t  settings: {\r\n\t\t\t\t\t\t\t\tslidesToShow: 2,\r\n\t\t\t\t\t\t\t\tslidesToScroll: 2\r\n\t\t\t\t\t\t\t  }\r\n\t\t\t\t\t\t\t}\r\n\t\t\t\t\t\t],pauseOnDotsHover: true,customPaging: function(slider, i) {\r\n                   return '<i type=\"button\" style= \"color:#333333;\" class=\"ultsl-record\" data-role=\"none\"><\/i>';\r\n                },});\r\n\t\t\t\t\t}\r\n\t\t\t\t});\r\n\t\t\t<\/script>\r\n\t\t\t<\/div><\/div><\/div><div class=\"vc_col-sm-3 wpb_column vc_column_container\"><div class=\"vc_column-inner\"><div class=\"wpb_wrapper\">\r\n\t<div class=\"wpb_text_column \">\r\n\t\t<div class=\"wpb_wrapper\">\r\n\t\t\t<h6><strong>CONT\u00c1CTANOS<\/strong><\/h6>\n\r\n\t\t<\/div>\r\n\t<\/div>\r\n<div class=\"w-separator size_small with_line width_default thick_1 style_solid color_border align_center\"><div class=\"w-separator-h\"><\/div><\/div>\r\n\t<div class=\"wpb_text_column \">\r\n\t\t<div class=\"wpb_wrapper\">\r\n\t\t\t<p><strong>Direcci\u00f3n<\/strong><br \/>\nBandera 899, Concepci\u00f3n \u2013 Chile<br \/>\n<strong>Tel\u00e9fono<\/strong><br \/>\n+56 41 3331450<br \/>\n<strong>Fax<\/strong><br \/>\n56 41-2910085<br \/>\n<strong>E-mail<\/strong><br \/>\nventas@hernanboeri.cl<\/p>\n<p><strong>Contactos Ventas<\/strong><\/p>\n<p>Hern\u00e1n Boeri: Gerencia.<br \/>\nPatricia Carrasco: Ventas e Importaciones.<br \/>\nRodrigo Medina: VI, VII, VIII Regiones.<br \/>\nRodrigo Araya: VIII, IX, X Regiones.<\/p>\n\r\n\t\t<\/div>\r\n\t<\/div>\r\n<div class=\"w-separator size_small with_line width_default thick_1 style_solid color_border align_center\"><div class=\"w-separator-h\"><\/div><\/div><div class=\"w-btn-wrapper width_auto align_center\"><a class=\"w-btn us-btn-style_1\" href=\"http:\/\/hernanboeri.cl\/v3\/cotizaciones\/\"><span class=\"w-btn-label\">Cotizaciones<\/span><\/a><\/div><\/div><\/div><\/div><\/div><\/div><\/section>\n","protected":false},"excerpt":{"rendered":"Ledinek, importante fabricante de m\u00e1quinas especializadas para la transformaci\u00f3n de la madera, es representado exclusivamente en Chile por Hern\u00e1n Boeri. Los prestigiosos productos Ledinek est\u00e1n enfocadas en lograr elevados niveles de producci\u00f3n con gran eficiencia, altos est\u00e1ndares de calidad, bajos costos de mantenimiento y alta seguridad en la operaci\u00f3n. Podemos destacar las siguientes l\u00edneas de...","protected":false},"author":1,"featured_media":480,"parent":0,"menu_order":0,"comment_status":"closed","ping_status":"closed","template":"","meta":{"footnotes":""},"class_list":["post-29","page","type-page","status-publish","has-post-thumbnail","hentry"],"_links":{"self":[{"href":"https:\/\/hernanboeri.cl\/v3\/wp-json\/wp\/v2\/pages\/29","targetHints":{"allow":["GET"]}}],"collection":[{"href":"https:\/\/hernanboeri.cl\/v3\/wp-json\/wp\/v2\/pages"}],"about":[{"href":"https:\/\/hernanboeri.cl\/v3\/wp-json\/wp\/v2\/types\/page"}],"author":[{"embeddable":true,"href":"https:\/\/hernanboeri.cl\/v3\/wp-json\/wp\/v2\/users\/1"}],"replies":[{"embeddable":true,"href":"https:\/\/hernanboeri.cl\/v3\/wp-json\/wp\/v2\/comments?post=29"}],"version-history":[{"count":8,"href":"https:\/\/hernanboeri.cl\/v3\/wp-json\/wp\/v2\/pages\/29\/revisions"}],"predecessor-version":[{"id":582,"href":"https:\/\/hernanboeri.cl\/v3\/wp-json\/wp\/v2\/pages\/29\/revisions\/582"}],"wp:featuredmedia":[{"embeddable":true,"href":"https:\/\/hernanboeri.cl\/v3\/wp-json\/wp\/v2\/media\/480"}],"wp:attachment":[{"href":"https:\/\/hernanboeri.cl\/v3\/wp-json\/wp\/v2\/media?parent=29"}],"curies":[{"name":"wp","href":"https:\/\/api.w.org\/{rel}","templated":true}]}}