{"id":24,"date":"2019-03-27T12:30:49","date_gmt":"2019-03-27T12:30:49","guid":{"rendered":"http:\/\/hernanboeri.cl\/v3\/?page_id=24"},"modified":"2019-06-22T04:43:49","modified_gmt":"2019-06-22T04:43:49","slug":"camaras-de-secado","status":"publish","type":"page","link":"https:\/\/hernanboeri.cl\/v3\/camaras-de-secado\/","title":{"rendered":"C\u00e1maras de Secado"},"content":{"rendered":"<section class=\"l-section wpb_row height_medium\"><div class=\"l-section-h i-cf\"><div class=\"g-cols vc_row type_default valign_top\"><div class=\"vc_col-sm-9 wpb_column vc_column_container\"><div class=\"vc_column-inner\"><div class=\"wpb_wrapper\">\r\n\t<div class=\"wpb_text_column \">\r\n\t\t<div class=\"wpb_wrapper\">\r\n\t\t\t<p>Hern\u00e1n Boeri y Compa\u00f1\u00eda representa exclusivamente en Chile a Secal Srl. SECAL es una empresa italiana, especializada en la producci\u00f3n de equipos para el secado, vaporizaci\u00f3n y el tratamiento HT de la madera.<\/p>\n<p>Fundada en 1995 en Resana, actualmente es una empresa consolidada en el mercado internacional. Reconocida como un interlocutor fiable, ha conquistado con el paso del tiempo una reputaci\u00f3n de excelencia por la calidad y la innovaci\u00f3n de sus productos, una presencia ramificada en el territorio y un soporte t\u00e9cnico de nivel muy elevado.<\/p>\n<p>Los equipos fabricados son del tipo convencional, con capacidades de 5 a 1000 m3\/ciclo, para el secado de todas las especies de madera, con temperaturas de funcionamiento de hasta 120\u00b0C. Alimentaci\u00f3n con agua caliente, agua recalentada, vapor, aceite diat\u00e9rmico o calentamiento directo mediante gas.<\/p>\n<p>Secaderos dise\u00f1ados para instalarse en todas las partes del Mundo, en todas las condiciones clim\u00e1ticas, caracterizados por una resistencia estructural elevada, un contenido tecnol\u00f3gico alto y una selecci\u00f3n meticulosa de los componentes.<\/p>\n<p><strong>PRODUCTOS SECAL<\/strong><\/p>\n<ul>\n<li>SECADORES DE MADERA: Plantas para el secado de madera.<\/li>\n<li>NIMFT 15-HT: Plantas para el tratamiento fitosanitario de embalajes de madera y pallets.<\/li>\n<li>SECADORES PARA LE\u00d1A: Plantas para el secado de le\u00f1a certificada para calefacci\u00f3n.<\/li>\n<li>VAPORIZADORES: Vaporizadores para variar las caracter\u00edsticas pl\u00e1sticas y la coloraci\u00f3n de la madera.<\/li>\n<li>PLANTAS ESPECIALES: Equipos para el secado de productos diferentes de la madera.<\/li>\n<li>CENTRALES T\u00c9RMICAS: Calderas y circuito hidr\u00e1ulico.<\/li>\n<\/ul>\n<p>M\u00e1s informaci\u00f3n: <a href=\"http:\/\/www.secalsrl.com\/\">http:\/\/www.secalsrl.com\/<\/a><\/p>\n\r\n\t\t<\/div>\r\n\t<\/div>\r\n<\/div><\/div><\/div><div class=\"vc_col-sm-3 wpb_column vc_column_container\"><div class=\"vc_column-inner\"><div class=\"wpb_wrapper\">\r\n\t<div class=\"wpb_text_column \">\r\n\t\t<div class=\"wpb_wrapper\">\r\n\t\t\t<h6><strong>CONT\u00c1CTENOS<\/strong><\/h6>\n\r\n\t\t<\/div>\r\n\t<\/div>\r\n<div class=\"w-separator size_small with_line width_default thick_1 style_solid color_border align_center\"><div class=\"w-separator-h\"><\/div><\/div>\r\n\t<div class=\"wpb_text_column \">\r\n\t\t<div class=\"wpb_wrapper\">\r\n\t\t\t<p><strong>Direcci\u00f3n<\/strong><br \/>\nBandera 899, Concepci\u00f3n \u2013 Chile<br \/>\n<strong>Tel\u00e9fono<\/strong><br \/>\n+56 41 3331450<br \/>\n<strong>Fax<\/strong><br \/>\n56 41-2910085<br \/>\n<strong>E-mail<\/strong><br \/>\nventas@hernanboeri.cl<\/p>\n<p><strong>Contactos Ventas<\/strong><\/p>\n<p>Hern\u00e1n Boeri: Gerencia.<br \/>\nPatricia Carrasco: Ventas e Importaciones.<br \/>\nRodrigo Medina: VI, VII, VIII Regiones.<br \/>\nRodrigo Araya: VIII, IX, X Regiones.<\/p>\n\r\n\t\t<\/div>\r\n\t<\/div>\r\n<div class=\"w-separator size_small with_line width_default thick_1 style_solid color_border align_center\"><div class=\"w-separator-h\"><\/div><\/div><div class=\"w-btn-wrapper width_auto align_center\"><a class=\"w-btn us-btn-style_1\" href=\"http:\/\/hernanboeri.cl\/v3\/cotizaciones\/\"><span class=\"w-btn-label\">Cotizaciones<\/span><\/a><\/div><\/div><\/div><\/div><\/div><\/div><\/section><section class=\"l-section wpb_row height_medium\"><div class=\"l-section-h i-cf\"><div class=\"g-cols vc_row type_default valign_top\"><div class=\"vc_col-sm-12 wpb_column vc_column_container\"><div class=\"vc_column-inner\"><div class=\"wpb_wrapper\"><div id=\"ult-carousel-150011685869f383aa272ab\" class=\"ult-carousel-wrapper   ult_horizontal\" data-gutter=\"15\" data-rtl=\"false\" ><div class=\"ult-carousel-140500638569f383aa27227 \" ><div class=\"ult-item-wrap\" data-animation=\"animated no-animation\"><div class=\"w-image align_center\"><a class=\"w-image-h\" href=\"https:\/\/hernanboeri.cl\/v3\/wp-content\/uploads\/2019\/06\/bck_g.jpg\" ref=\"magnificPopup\"><img loading=\"lazy\" decoding=\"async\" width=\"800\" height=\"800\" src=\"https:\/\/hernanboeri.cl\/v3\/wp-content\/uploads\/2019\/06\/bck_g.jpg\" class=\"attachment-full size-full\" alt=\"\" srcset=\"https:\/\/hernanboeri.cl\/v3\/wp-content\/uploads\/2019\/06\/bck_g.jpg 800w, https:\/\/hernanboeri.cl\/v3\/wp-content\/uploads\/2019\/06\/bck_g-150x150.jpg 150w, https:\/\/hernanboeri.cl\/v3\/wp-content\/uploads\/2019\/06\/bck_g-300x300.jpg 300w, https:\/\/hernanboeri.cl\/v3\/wp-content\/uploads\/2019\/06\/bck_g-350x350.jpg 350w, https:\/\/hernanboeri.cl\/v3\/wp-content\/uploads\/2019\/06\/bck_g-600x600.jpg 600w\" sizes=\"auto, (max-width: 800px) 100vw, 800px\" \/><\/a><\/div><\/div><div class=\"ult-item-wrap\" data-animation=\"animated no-animation\"><div class=\"w-image align_center\"><a class=\"w-image-h\" href=\"https:\/\/hernanboeri.cl\/v3\/wp-content\/uploads\/2019\/06\/bck_g.jpg\" ref=\"magnificPopup\"><img loading=\"lazy\" decoding=\"async\" width=\"800\" height=\"800\" src=\"https:\/\/hernanboeri.cl\/v3\/wp-content\/uploads\/2019\/06\/bck_g.jpg\" class=\"attachment-full size-full\" alt=\"\" srcset=\"https:\/\/hernanboeri.cl\/v3\/wp-content\/uploads\/2019\/06\/bck_g.jpg 800w, https:\/\/hernanboeri.cl\/v3\/wp-content\/uploads\/2019\/06\/bck_g-150x150.jpg 150w, https:\/\/hernanboeri.cl\/v3\/wp-content\/uploads\/2019\/06\/bck_g-300x300.jpg 300w, https:\/\/hernanboeri.cl\/v3\/wp-content\/uploads\/2019\/06\/bck_g-350x350.jpg 350w, https:\/\/hernanboeri.cl\/v3\/wp-content\/uploads\/2019\/06\/bck_g-600x600.jpg 600w\" sizes=\"auto, (max-width: 800px) 100vw, 800px\" \/><\/a><\/div><\/div><div class=\"ult-item-wrap\" data-animation=\"animated no-animation\"><div class=\"w-image align_center\"><a class=\"w-image-h\" href=\"https:\/\/hernanboeri.cl\/v3\/wp-content\/uploads\/2019\/06\/bck_g.jpg\" ref=\"magnificPopup\"><img loading=\"lazy\" decoding=\"async\" width=\"800\" height=\"800\" src=\"https:\/\/hernanboeri.cl\/v3\/wp-content\/uploads\/2019\/06\/bck_g.jpg\" class=\"attachment-full size-full\" alt=\"\" srcset=\"https:\/\/hernanboeri.cl\/v3\/wp-content\/uploads\/2019\/06\/bck_g.jpg 800w, https:\/\/hernanboeri.cl\/v3\/wp-content\/uploads\/2019\/06\/bck_g-150x150.jpg 150w, https:\/\/hernanboeri.cl\/v3\/wp-content\/uploads\/2019\/06\/bck_g-300x300.jpg 300w, https:\/\/hernanboeri.cl\/v3\/wp-content\/uploads\/2019\/06\/bck_g-350x350.jpg 350w, https:\/\/hernanboeri.cl\/v3\/wp-content\/uploads\/2019\/06\/bck_g-600x600.jpg 600w\" sizes=\"auto, (max-width: 800px) 100vw, 800px\" \/><\/a><\/div><\/div><div class=\"ult-item-wrap\" data-animation=\"animated no-animation\"><div class=\"w-image align_center\"><a class=\"w-image-h\" href=\"https:\/\/hernanboeri.cl\/v3\/wp-content\/uploads\/2019\/06\/bck_g.jpg\" ref=\"magnificPopup\"><img loading=\"lazy\" decoding=\"async\" width=\"800\" height=\"800\" src=\"https:\/\/hernanboeri.cl\/v3\/wp-content\/uploads\/2019\/06\/bck_g.jpg\" class=\"attachment-full size-full\" alt=\"\" srcset=\"https:\/\/hernanboeri.cl\/v3\/wp-content\/uploads\/2019\/06\/bck_g.jpg 800w, https:\/\/hernanboeri.cl\/v3\/wp-content\/uploads\/2019\/06\/bck_g-150x150.jpg 150w, https:\/\/hernanboeri.cl\/v3\/wp-content\/uploads\/2019\/06\/bck_g-300x300.jpg 300w, https:\/\/hernanboeri.cl\/v3\/wp-content\/uploads\/2019\/06\/bck_g-350x350.jpg 350w, https:\/\/hernanboeri.cl\/v3\/wp-content\/uploads\/2019\/06\/bck_g-600x600.jpg 600w\" sizes=\"auto, (max-width: 800px) 100vw, 800px\" \/><\/a><\/div><\/div><div class=\"ult-item-wrap\" data-animation=\"animated no-animation\"><div class=\"w-image align_center\"><a class=\"w-image-h\" href=\"https:\/\/hernanboeri.cl\/v3\/wp-content\/uploads\/2019\/06\/bck_g.jpg\" ref=\"magnificPopup\"><img loading=\"lazy\" decoding=\"async\" width=\"800\" height=\"800\" src=\"https:\/\/hernanboeri.cl\/v3\/wp-content\/uploads\/2019\/06\/bck_g.jpg\" class=\"attachment-full size-full\" alt=\"\" srcset=\"https:\/\/hernanboeri.cl\/v3\/wp-content\/uploads\/2019\/06\/bck_g.jpg 800w, https:\/\/hernanboeri.cl\/v3\/wp-content\/uploads\/2019\/06\/bck_g-150x150.jpg 150w, https:\/\/hernanboeri.cl\/v3\/wp-content\/uploads\/2019\/06\/bck_g-300x300.jpg 300w, https:\/\/hernanboeri.cl\/v3\/wp-content\/uploads\/2019\/06\/bck_g-350x350.jpg 350w, https:\/\/hernanboeri.cl\/v3\/wp-content\/uploads\/2019\/06\/bck_g-600x600.jpg 600w\" sizes=\"auto, (max-width: 800px) 100vw, 800px\" \/><\/a><\/div><\/div><div class=\"ult-item-wrap\" data-animation=\"animated no-animation\"><div class=\"w-image align_center\"><a class=\"w-image-h\" href=\"https:\/\/hernanboeri.cl\/v3\/wp-content\/uploads\/2019\/06\/bck_g.jpg\" ref=\"magnificPopup\"><img loading=\"lazy\" decoding=\"async\" width=\"800\" height=\"800\" src=\"https:\/\/hernanboeri.cl\/v3\/wp-content\/uploads\/2019\/06\/bck_g.jpg\" class=\"attachment-full size-full\" alt=\"\" srcset=\"https:\/\/hernanboeri.cl\/v3\/wp-content\/uploads\/2019\/06\/bck_g.jpg 800w, https:\/\/hernanboeri.cl\/v3\/wp-content\/uploads\/2019\/06\/bck_g-150x150.jpg 150w, https:\/\/hernanboeri.cl\/v3\/wp-content\/uploads\/2019\/06\/bck_g-300x300.jpg 300w, https:\/\/hernanboeri.cl\/v3\/wp-content\/uploads\/2019\/06\/bck_g-350x350.jpg 350w, https:\/\/hernanboeri.cl\/v3\/wp-content\/uploads\/2019\/06\/bck_g-600x600.jpg 600w\" sizes=\"auto, (max-width: 800px) 100vw, 800px\" \/><\/a><\/div><\/div><\/div><\/div>\t\t\t<script type=\"text\/javascript\">\r\n\t\t\t\tjQuery(document).ready(function ($) {\r\n\t\t\t\t\tif( typeof jQuery('.ult-carousel-140500638569f383aa27227').slick == \"function\"){\r\n\t\t\t\t\t\t$('.ult-carousel-140500638569f383aa27227').slick({dots: true,autoplay: true,autoplaySpeed: 5000,speed: 300,infinite: true,arrows: true,nextArrow: '<button type=\"button\" role=\"button\" aria-label=\"Next\" style=\"color:#333333; font-size:20px;\" class=\"slick-next default\"><i class=\"ultsl-arrow-right4\"><\/i><\/button>',prevArrow: '<button type=\"button\" role=\"button\" aria-label=\"Previous\" style=\"color:#333333; font-size:20px;\" class=\"slick-prev default\"><i class=\"ultsl-arrow-left4\"><\/i><\/button>',slidesToScroll:5,slidesToShow:5,swipe: true,draggable: true,touchMove: true,pauseOnHover: true,pauseOnFocus: false,responsive: [\r\n\t\t\t\t\t\t\t{\r\n\t\t\t\t\t\t\t  breakpoint: 1026,\r\n\t\t\t\t\t\t\t  settings: {\r\n\t\t\t\t\t\t\t\tslidesToShow: 5,\r\n\t\t\t\t\t\t\t\tslidesToScroll: 5,  \r\n\t\t\t\t\t\t\t  }\r\n\t\t\t\t\t\t\t},\r\n\t\t\t\t\t\t\t{\r\n\t\t\t\t\t\t\t  breakpoint: 1025,\r\n\t\t\t\t\t\t\t  settings: {\r\n\t\t\t\t\t\t\t\tslidesToShow: 3,\r\n\t\t\t\t\t\t\t\tslidesToScroll: 3\r\n\t\t\t\t\t\t\t  }\r\n\t\t\t\t\t\t\t},\r\n\t\t\t\t\t\t\t{\r\n\t\t\t\t\t\t\t  breakpoint: 760,\r\n\t\t\t\t\t\t\t  settings: {\r\n\t\t\t\t\t\t\t\tslidesToShow: 2,\r\n\t\t\t\t\t\t\t\tslidesToScroll: 2\r\n\t\t\t\t\t\t\t  }\r\n\t\t\t\t\t\t\t}\r\n\t\t\t\t\t\t],pauseOnDotsHover: true,customPaging: function(slider, i) {\r\n                   return '<i type=\"button\" style= \"color:#333333;\" class=\"ultsl-record\" data-role=\"none\"><\/i>';\r\n                },});\r\n\t\t\t\t\t}\r\n\t\t\t\t});\r\n\t\t\t<\/script>\r\n\t\t\t<\/div><\/div><\/div><\/div><\/div><\/section>\n","protected":false},"excerpt":{"rendered":"Hern\u00e1n Boeri y Compa\u00f1\u00eda representa exclusivamente en Chile a Secal Srl. SECAL es una empresa italiana, especializada en la producci\u00f3n de equipos para el secado, vaporizaci\u00f3n y el tratamiento HT de la madera. Fundada en 1995 en Resana, actualmente es una empresa consolidada en el mercado internacional. Reconocida como un interlocutor fiable, ha conquistado con...","protected":false},"author":1,"featured_media":480,"parent":0,"menu_order":0,"comment_status":"closed","ping_status":"closed","template":"","meta":{"footnotes":""},"class_list":["post-24","page","type-page","status-publish","has-post-thumbnail","hentry"],"_links":{"self":[{"href":"https:\/\/hernanboeri.cl\/v3\/wp-json\/wp\/v2\/pages\/24","targetHints":{"allow":["GET"]}}],"collection":[{"href":"https:\/\/hernanboeri.cl\/v3\/wp-json\/wp\/v2\/pages"}],"about":[{"href":"https:\/\/hernanboeri.cl\/v3\/wp-json\/wp\/v2\/types\/page"}],"author":[{"embeddable":true,"href":"https:\/\/hernanboeri.cl\/v3\/wp-json\/wp\/v2\/users\/1"}],"replies":[{"embeddable":true,"href":"https:\/\/hernanboeri.cl\/v3\/wp-json\/wp\/v2\/comments?post=24"}],"version-history":[{"count":8,"href":"https:\/\/hernanboeri.cl\/v3\/wp-json\/wp\/v2\/pages\/24\/revisions"}],"predecessor-version":[{"id":491,"href":"https:\/\/hernanboeri.cl\/v3\/wp-json\/wp\/v2\/pages\/24\/revisions\/491"}],"wp:featuredmedia":[{"embeddable":true,"href":"https:\/\/hernanboeri.cl\/v3\/wp-json\/wp\/v2\/media\/480"}],"wp:attachment":[{"href":"https:\/\/hernanboeri.cl\/v3\/wp-json\/wp\/v2\/media?parent=24"}],"curies":[{"name":"wp","href":"https:\/\/api.w.org\/{rel}","templated":true}]}}