{"id":16,"date":"2019-03-27T12:29:02","date_gmt":"2019-03-27T12:29:02","guid":{"rendered":"http:\/\/hernanboeri.cl\/v3\/?page_id=16"},"modified":"2019-06-22T03:53:57","modified_gmt":"2019-06-22T03:53:57","slug":"industria-grafica","status":"publish","type":"page","link":"https:\/\/hernanboeri.cl\/v3\/industria-grafica\/","title":{"rendered":"Industria Gr\u00e1fica"},"content":{"rendered":"<section class=\"l-section wpb_row height_medium\"><div class=\"l-section-h i-cf\"><div class=\"g-cols vc_row type_default valign_top\"><div class=\"vc_col-sm-9 wpb_column vc_column_container\"><div class=\"vc_column-inner\"><div class=\"wpb_wrapper\">\r\n\t<div class=\"wpb_text_column \">\r\n\t\t<div class=\"wpb_wrapper\">\r\n\t\t\t<p>Fabricamos cuchillos guillotina y cuchillos circulares para la industria del papel seg\u00fan las necesidades de nuestros clientes. Un fabricado con altos est\u00e1ndares de calidad tendr\u00e1 una larga vida \u00fatil y siempre cortar\u00e1 bien.<\/p>\n\r\n\t\t<\/div>\r\n\t<\/div>\r\n\r\n\t<div class=\"wpb_text_column \">\r\n\t\t<div class=\"wpb_wrapper\">\r\n\t\t\t<p>Disponemos en stock un variado surtido de cuchillos, contra cuchillos, yunques y elementos anexos (prensas, porta cuchillos, yunques, placas de alimentaci\u00f3n, placas de desgaste disco, insertos, etc.) para las m\u00e1quinas m\u00e1s populares del mercado (Ecaso, Morbark, Fulghum, Precision, Carthage, Bruks KMW, S\u00f6derhamnn, Pallmann, Forano), fabricados con tecnolog\u00eda y aceros de \u00faltima generaci\u00f3n, de \u00f3ptima calidad, para cada aplicaci\u00f3n.<\/p>\n<p>Tambi\u00e9n podemos fabricar estos elementos a pedido, a partir de un plano.<\/p>\n\r\n\t\t<\/div>\r\n\t<\/div>\r\n<div id=\"ult-carousel-78579118269e8422764c2e\" class=\"ult-carousel-wrapper   ult_horizontal\" data-gutter=\"15\" data-rtl=\"false\" ><div class=\"ult-carousel-121899742769e84227649d3 \" ><div class=\"ult-item-wrap\" data-animation=\"animated no-animation\"><div class=\"w-image align_center\"><a class=\"w-image-h\" href=\"https:\/\/hernanboeri.cl\/v3\/wp-content\/uploads\/2019\/06\/bck_g.jpg\" ref=\"magnificPopup\"><img loading=\"lazy\" decoding=\"async\" width=\"800\" height=\"800\" src=\"https:\/\/hernanboeri.cl\/v3\/wp-content\/uploads\/2019\/06\/bck_g.jpg\" class=\"attachment-full size-full\" alt=\"\" srcset=\"https:\/\/hernanboeri.cl\/v3\/wp-content\/uploads\/2019\/06\/bck_g.jpg 800w, https:\/\/hernanboeri.cl\/v3\/wp-content\/uploads\/2019\/06\/bck_g-150x150.jpg 150w, https:\/\/hernanboeri.cl\/v3\/wp-content\/uploads\/2019\/06\/bck_g-300x300.jpg 300w, https:\/\/hernanboeri.cl\/v3\/wp-content\/uploads\/2019\/06\/bck_g-350x350.jpg 350w, https:\/\/hernanboeri.cl\/v3\/wp-content\/uploads\/2019\/06\/bck_g-600x600.jpg 600w\" sizes=\"auto, (max-width: 800px) 100vw, 800px\" \/><\/a><\/div><\/div><div class=\"ult-item-wrap\" data-animation=\"animated no-animation\"><div class=\"w-image align_center\"><a class=\"w-image-h\" href=\"https:\/\/hernanboeri.cl\/v3\/wp-content\/uploads\/2019\/06\/bck_g.jpg\" ref=\"magnificPopup\"><img loading=\"lazy\" decoding=\"async\" width=\"800\" height=\"800\" src=\"https:\/\/hernanboeri.cl\/v3\/wp-content\/uploads\/2019\/06\/bck_g.jpg\" class=\"attachment-full size-full\" alt=\"\" srcset=\"https:\/\/hernanboeri.cl\/v3\/wp-content\/uploads\/2019\/06\/bck_g.jpg 800w, https:\/\/hernanboeri.cl\/v3\/wp-content\/uploads\/2019\/06\/bck_g-150x150.jpg 150w, https:\/\/hernanboeri.cl\/v3\/wp-content\/uploads\/2019\/06\/bck_g-300x300.jpg 300w, https:\/\/hernanboeri.cl\/v3\/wp-content\/uploads\/2019\/06\/bck_g-350x350.jpg 350w, https:\/\/hernanboeri.cl\/v3\/wp-content\/uploads\/2019\/06\/bck_g-600x600.jpg 600w\" sizes=\"auto, (max-width: 800px) 100vw, 800px\" \/><\/a><\/div><\/div><div class=\"ult-item-wrap\" data-animation=\"animated no-animation\"><div class=\"w-image align_center\"><a class=\"w-image-h\" href=\"https:\/\/hernanboeri.cl\/v3\/wp-content\/uploads\/2019\/06\/bck_g.jpg\" ref=\"magnificPopup\"><img loading=\"lazy\" decoding=\"async\" width=\"800\" height=\"800\" src=\"https:\/\/hernanboeri.cl\/v3\/wp-content\/uploads\/2019\/06\/bck_g.jpg\" class=\"attachment-full size-full\" alt=\"\" srcset=\"https:\/\/hernanboeri.cl\/v3\/wp-content\/uploads\/2019\/06\/bck_g.jpg 800w, https:\/\/hernanboeri.cl\/v3\/wp-content\/uploads\/2019\/06\/bck_g-150x150.jpg 150w, https:\/\/hernanboeri.cl\/v3\/wp-content\/uploads\/2019\/06\/bck_g-300x300.jpg 300w, https:\/\/hernanboeri.cl\/v3\/wp-content\/uploads\/2019\/06\/bck_g-350x350.jpg 350w, https:\/\/hernanboeri.cl\/v3\/wp-content\/uploads\/2019\/06\/bck_g-600x600.jpg 600w\" sizes=\"auto, (max-width: 800px) 100vw, 800px\" \/><\/a><\/div><\/div><div class=\"ult-item-wrap\" data-animation=\"animated no-animation\"><div class=\"w-image align_center\"><a class=\"w-image-h\" href=\"https:\/\/hernanboeri.cl\/v3\/wp-content\/uploads\/2019\/06\/bck_g.jpg\" ref=\"magnificPopup\"><img loading=\"lazy\" decoding=\"async\" width=\"800\" height=\"800\" src=\"https:\/\/hernanboeri.cl\/v3\/wp-content\/uploads\/2019\/06\/bck_g.jpg\" class=\"attachment-full size-full\" alt=\"\" srcset=\"https:\/\/hernanboeri.cl\/v3\/wp-content\/uploads\/2019\/06\/bck_g.jpg 800w, https:\/\/hernanboeri.cl\/v3\/wp-content\/uploads\/2019\/06\/bck_g-150x150.jpg 150w, https:\/\/hernanboeri.cl\/v3\/wp-content\/uploads\/2019\/06\/bck_g-300x300.jpg 300w, https:\/\/hernanboeri.cl\/v3\/wp-content\/uploads\/2019\/06\/bck_g-350x350.jpg 350w, https:\/\/hernanboeri.cl\/v3\/wp-content\/uploads\/2019\/06\/bck_g-600x600.jpg 600w\" sizes=\"auto, (max-width: 800px) 100vw, 800px\" \/><\/a><\/div><\/div><div class=\"ult-item-wrap\" data-animation=\"animated no-animation\"><div class=\"w-image align_center\"><a class=\"w-image-h\" href=\"https:\/\/hernanboeri.cl\/v3\/wp-content\/uploads\/2019\/06\/bck_g.jpg\" ref=\"magnificPopup\"><img loading=\"lazy\" decoding=\"async\" width=\"800\" height=\"800\" src=\"https:\/\/hernanboeri.cl\/v3\/wp-content\/uploads\/2019\/06\/bck_g.jpg\" class=\"attachment-full size-full\" alt=\"\" srcset=\"https:\/\/hernanboeri.cl\/v3\/wp-content\/uploads\/2019\/06\/bck_g.jpg 800w, https:\/\/hernanboeri.cl\/v3\/wp-content\/uploads\/2019\/06\/bck_g-150x150.jpg 150w, https:\/\/hernanboeri.cl\/v3\/wp-content\/uploads\/2019\/06\/bck_g-300x300.jpg 300w, https:\/\/hernanboeri.cl\/v3\/wp-content\/uploads\/2019\/06\/bck_g-350x350.jpg 350w, https:\/\/hernanboeri.cl\/v3\/wp-content\/uploads\/2019\/06\/bck_g-600x600.jpg 600w\" sizes=\"auto, (max-width: 800px) 100vw, 800px\" \/><\/a><\/div><\/div><div class=\"ult-item-wrap\" data-animation=\"animated no-animation\"><div class=\"w-image align_center\"><a class=\"w-image-h\" href=\"https:\/\/hernanboeri.cl\/v3\/wp-content\/uploads\/2019\/06\/bck_g.jpg\" ref=\"magnificPopup\"><img loading=\"lazy\" decoding=\"async\" width=\"800\" height=\"800\" src=\"https:\/\/hernanboeri.cl\/v3\/wp-content\/uploads\/2019\/06\/bck_g.jpg\" class=\"attachment-full size-full\" alt=\"\" srcset=\"https:\/\/hernanboeri.cl\/v3\/wp-content\/uploads\/2019\/06\/bck_g.jpg 800w, https:\/\/hernanboeri.cl\/v3\/wp-content\/uploads\/2019\/06\/bck_g-150x150.jpg 150w, https:\/\/hernanboeri.cl\/v3\/wp-content\/uploads\/2019\/06\/bck_g-300x300.jpg 300w, https:\/\/hernanboeri.cl\/v3\/wp-content\/uploads\/2019\/06\/bck_g-350x350.jpg 350w, https:\/\/hernanboeri.cl\/v3\/wp-content\/uploads\/2019\/06\/bck_g-600x600.jpg 600w\" sizes=\"auto, (max-width: 800px) 100vw, 800px\" \/><\/a><\/div><\/div><\/div><\/div>\t\t\t<script type=\"text\/javascript\">\r\n\t\t\t\tjQuery(document).ready(function ($) {\r\n\t\t\t\t\tif( typeof jQuery('.ult-carousel-121899742769e84227649d3').slick == \"function\"){\r\n\t\t\t\t\t\t$('.ult-carousel-121899742769e84227649d3').slick({dots: true,autoplay: true,autoplaySpeed: 5000,speed: 300,infinite: true,arrows: true,nextArrow: '<button type=\"button\" role=\"button\" aria-label=\"Next\" style=\"color:#333333; font-size:20px;\" class=\"slick-next default\"><i class=\"ultsl-arrow-right4\"><\/i><\/button>',prevArrow: '<button type=\"button\" role=\"button\" aria-label=\"Previous\" style=\"color:#333333; font-size:20px;\" class=\"slick-prev default\"><i class=\"ultsl-arrow-left4\"><\/i><\/button>',slidesToScroll:5,slidesToShow:5,swipe: true,draggable: true,touchMove: true,pauseOnHover: true,pauseOnFocus: false,responsive: [\r\n\t\t\t\t\t\t\t{\r\n\t\t\t\t\t\t\t  breakpoint: 1026,\r\n\t\t\t\t\t\t\t  settings: {\r\n\t\t\t\t\t\t\t\tslidesToShow: 5,\r\n\t\t\t\t\t\t\t\tslidesToScroll: 5,  \r\n\t\t\t\t\t\t\t  }\r\n\t\t\t\t\t\t\t},\r\n\t\t\t\t\t\t\t{\r\n\t\t\t\t\t\t\t  breakpoint: 1025,\r\n\t\t\t\t\t\t\t  settings: {\r\n\t\t\t\t\t\t\t\tslidesToShow: 3,\r\n\t\t\t\t\t\t\t\tslidesToScroll: 3\r\n\t\t\t\t\t\t\t  }\r\n\t\t\t\t\t\t\t},\r\n\t\t\t\t\t\t\t{\r\n\t\t\t\t\t\t\t  breakpoint: 760,\r\n\t\t\t\t\t\t\t  settings: {\r\n\t\t\t\t\t\t\t\tslidesToShow: 2,\r\n\t\t\t\t\t\t\t\tslidesToScroll: 2\r\n\t\t\t\t\t\t\t  }\r\n\t\t\t\t\t\t\t}\r\n\t\t\t\t\t\t],pauseOnDotsHover: true,customPaging: function(slider, i) {\r\n                   return '<i type=\"button\" style= \"color:#333333;\" class=\"ultsl-record\" data-role=\"none\"><\/i>';\r\n                },});\r\n\t\t\t\t\t}\r\n\t\t\t\t});\r\n\t\t\t<\/script>\r\n\t\t\t<\/div><\/div><\/div><div class=\"vc_col-sm-3 wpb_column vc_column_container\"><div class=\"vc_column-inner\"><div class=\"wpb_wrapper\">\r\n\t<div class=\"wpb_text_column \">\r\n\t\t<div class=\"wpb_wrapper\">\r\n\t\t\t<h6><strong>CONT\u00c1CTENOS<\/strong><\/h6>\n\r\n\t\t<\/div>\r\n\t<\/div>\r\n<div class=\"w-separator size_small with_line width_default thick_1 style_solid color_border align_center\"><div class=\"w-separator-h\"><\/div><\/div>\r\n\t<div class=\"wpb_text_column \">\r\n\t\t<div class=\"wpb_wrapper\">\r\n\t\t\t<p><strong>Direcci\u00f3n<\/strong><br \/>\nBandera 899, Concepci\u00f3n \u2013 Chile<br \/>\n<strong>Tel\u00e9fono<\/strong><br \/>\n+56 41 3331450<br \/>\n<strong>Fax<\/strong><br \/>\n56 41-2910085<br \/>\n<strong>E-mail<\/strong><br \/>\nventas@hernanboeri.cl<\/p>\n<p><strong>Contactos Ventas<\/strong><\/p>\n<p>Hern\u00e1n Boeri: Gerencia.<br \/>\nPatricia Carrasco: Ventas e Importaciones.<br \/>\nRodrigo Medina: VI, VII, VIII Regiones.<br \/>\nRodrigo Araya: VIII, IX, X Regiones.<\/p>\n\r\n\t\t<\/div>\r\n\t<\/div>\r\n<div class=\"w-separator size_small with_line width_default thick_1 style_solid color_border align_center\"><div class=\"w-separator-h\"><\/div><\/div><div class=\"w-btn-wrapper width_auto align_center\"><a class=\"w-btn us-btn-style_1\" href=\"http:\/\/hernanboeri.cl\/v3\/cotizaciones\/\"><span class=\"w-btn-label\">Cotizaciones<\/span><\/a><\/div><\/div><\/div><\/div><\/div><\/div><\/section>\n","protected":false},"excerpt":{"rendered":"Fabricamos cuchillos guillotina y cuchillos circulares para la industria del papel seg\u00fan las necesidades de nuestros clientes. Un fabricado con altos est\u00e1ndares de calidad tendr\u00e1 una larga vida \u00fatil y siempre cortar\u00e1 bien. Disponemos en stock un variado surtido de cuchillos, contra cuchillos, yunques y elementos anexos (prensas, porta cuchillos, yunques, placas de alimentaci\u00f3n, placas...","protected":false},"author":1,"featured_media":480,"parent":0,"menu_order":0,"comment_status":"closed","ping_status":"closed","template":"","meta":{"footnotes":""},"class_list":["post-16","page","type-page","status-publish","has-post-thumbnail","hentry"],"_links":{"self":[{"href":"https:\/\/hernanboeri.cl\/v3\/wp-json\/wp\/v2\/pages\/16","targetHints":{"allow":["GET"]}}],"collection":[{"href":"https:\/\/hernanboeri.cl\/v3\/wp-json\/wp\/v2\/pages"}],"about":[{"href":"https:\/\/hernanboeri.cl\/v3\/wp-json\/wp\/v2\/types\/page"}],"author":[{"embeddable":true,"href":"https:\/\/hernanboeri.cl\/v3\/wp-json\/wp\/v2\/users\/1"}],"replies":[{"embeddable":true,"href":"https:\/\/hernanboeri.cl\/v3\/wp-json\/wp\/v2\/comments?post=16"}],"version-history":[{"count":16,"href":"https:\/\/hernanboeri.cl\/v3\/wp-json\/wp\/v2\/pages\/16\/revisions"}],"predecessor-version":[{"id":574,"href":"https:\/\/hernanboeri.cl\/v3\/wp-json\/wp\/v2\/pages\/16\/revisions\/574"}],"wp:featuredmedia":[{"embeddable":true,"href":"https:\/\/hernanboeri.cl\/v3\/wp-json\/wp\/v2\/media\/480"}],"wp:attachment":[{"href":"https:\/\/hernanboeri.cl\/v3\/wp-json\/wp\/v2\/media?parent=16"}],"curies":[{"name":"wp","href":"https:\/\/api.w.org\/{rel}","templated":true}]}}