{"id":12,"date":"2019-03-27T12:27:55","date_gmt":"2019-03-27T12:27:55","guid":{"rendered":"http:\/\/hernanboeri.cl\/v3\/?page_id=12"},"modified":"2019-06-22T04:30:51","modified_gmt":"2019-06-22T04:30:51","slug":"industria-plastico-y-reciclado","status":"publish","type":"page","link":"https:\/\/hernanboeri.cl\/v3\/industria-plastico-y-reciclado\/","title":{"rendered":"Industria Pl\u00e1stico, Neum\u00e1tico y Reciclado"},"content":{"rendered":"<section class=\"l-section wpb_row height_medium\"><div class=\"l-section-h i-cf\"><div class=\"g-cols vc_row type_default valign_top\"><div class=\"vc_col-sm-9 wpb_column vc_column_container\"><div class=\"vc_column-inner\"><div class=\"wpb_wrapper\">\r\n\t<div class=\"wpb_text_column \">\r\n\t\t<div class=\"wpb_wrapper\">\r\n\t\t\t<p>Proveemos cuchillos granuladores, cuchillos shredding, cuchillos peletizadores, entre otros.<\/p>\n<p>Los cuchillos para pl\u00e1sticos y reciclaje se fabrican con el mejor acero utilizando las aleaciones necesarias para el trabajo. La aleaci\u00f3n correcta de los aceros es crucial para un corte de calidad, alta resistencia al desgaste y la correcta tensi\u00f3n mec\u00e1nica.<br \/>\nAdem\u00e1s de los cuchillos, suministramos tambi\u00e9n los elementos de desgaste tales como contra cuchillos, barraras de contrapresi\u00f3n y otras piezas involucradas seg\u00fan el tipo de la m\u00e1quina.<\/p>\n<p><strong>Productos disponibles para las m\u00e1quinas m\u00e1s populares del mercado:<\/strong><br \/>\nAlpine, Alsteele\/Entoleter, Berlyn, Black Friar, CMB, Conair, Condux, Corcoran, Cumberland, Dreher, Dryflo, Falzoni, Flinchbaugh (FPI), Foremost, Gloncester, Granutec, Gruendler, Herbold, Hydraclaim, IMS, Intrapala, Lindner, Lodi, Mitts\/Merrill, Nelmor, Pallmann, Polymer, Previero, Process Control, Rainville, Ramco R&amp;S, Rapid, Rotogran, Sorema, Sprout Waldren, Taylor Styles, Tria, Triple S, Wortex.<\/p>\n\r\n\t\t<\/div>\r\n\t<\/div>\r\n<div id=\"ult-carousel-141843169569e8422276efc\" class=\"ult-carousel-wrapper  vc_custom_1558299896853  ult_horizontal\" data-gutter=\"15\" data-rtl=\"false\" ><div class=\"ult-carousel-170697450469e8422276c4f \" ><div class=\"ult-item-wrap\" data-animation=\"animated no-animation\"><div class=\"w-image align_center\"><a class=\"w-image-h\" href=\"https:\/\/hernanboeri.cl\/v3\/wp-content\/uploads\/2019\/05\/DSC_2826-2_1000.jpg\" ref=\"magnificPopup\"><img loading=\"lazy\" decoding=\"async\" width=\"1000\" height=\"668\" src=\"https:\/\/hernanboeri.cl\/v3\/wp-content\/uploads\/2019\/05\/DSC_2826-2_1000.jpg\" class=\"attachment-full size-full\" alt=\"\" srcset=\"https:\/\/hernanboeri.cl\/v3\/wp-content\/uploads\/2019\/05\/DSC_2826-2_1000.jpg 1000w, https:\/\/hernanboeri.cl\/v3\/wp-content\/uploads\/2019\/05\/DSC_2826-2_1000-300x200.jpg 300w\" sizes=\"auto, (max-width: 1000px) 100vw, 1000px\" \/><\/a><\/div><\/div><div class=\"ult-item-wrap\" data-animation=\"animated no-animation\"><div class=\"w-image align_center\"><a class=\"w-image-h\" href=\"https:\/\/hernanboeri.cl\/v3\/wp-content\/uploads\/2019\/05\/schema75.jpg\" ref=\"magnificPopup\"><img loading=\"lazy\" decoding=\"async\" width=\"413\" height=\"403\" src=\"https:\/\/hernanboeri.cl\/v3\/wp-content\/uploads\/2019\/05\/schema75.jpg\" class=\"attachment-full size-full\" alt=\"\" srcset=\"https:\/\/hernanboeri.cl\/v3\/wp-content\/uploads\/2019\/05\/schema75.jpg 413w, https:\/\/hernanboeri.cl\/v3\/wp-content\/uploads\/2019\/05\/schema75-300x293.jpg 300w\" sizes=\"auto, (max-width: 413px) 100vw, 413px\" \/><\/a><\/div><\/div><div class=\"ult-item-wrap\" data-animation=\"animated no-animation\"><div class=\"w-image align_center\"><a class=\"w-image-h\" href=\"https:\/\/hernanboeri.cl\/v3\/wp-content\/uploads\/2019\/05\/schema76.jpg\" ref=\"magnificPopup\"><img loading=\"lazy\" decoding=\"async\" width=\"418\" height=\"406\" src=\"https:\/\/hernanboeri.cl\/v3\/wp-content\/uploads\/2019\/05\/schema76.jpg\" class=\"attachment-full size-full\" alt=\"\" srcset=\"https:\/\/hernanboeri.cl\/v3\/wp-content\/uploads\/2019\/05\/schema76.jpg 418w, https:\/\/hernanboeri.cl\/v3\/wp-content\/uploads\/2019\/05\/schema76-300x291.jpg 300w\" sizes=\"auto, (max-width: 418px) 100vw, 418px\" \/><\/a><\/div><\/div><\/div><\/div>\t\t\t<script type=\"text\/javascript\">\r\n\t\t\t\tjQuery(document).ready(function ($) {\r\n\t\t\t\t\tif( typeof jQuery('.ult-carousel-170697450469e8422276c4f').slick == \"function\"){\r\n\t\t\t\t\t\t$('.ult-carousel-170697450469e8422276c4f').slick({dots: true,autoplay: true,autoplaySpeed: 5000,speed: 300,infinite: true,arrows: true,nextArrow: '<button type=\"button\" role=\"button\" aria-label=\"Next\" style=\"color:#333333; font-size:20px;\" class=\"slick-next default\"><i class=\"ultsl-arrow-right4\"><\/i><\/button>',prevArrow: '<button type=\"button\" role=\"button\" aria-label=\"Previous\" style=\"color:#333333; font-size:20px;\" class=\"slick-prev default\"><i class=\"ultsl-arrow-left4\"><\/i><\/button>',slidesToScroll:3,slidesToShow:3,swipe: true,draggable: true,touchMove: true,pauseOnHover: true,pauseOnFocus: false,responsive: [\r\n\t\t\t\t\t\t\t{\r\n\t\t\t\t\t\t\t  breakpoint: 1026,\r\n\t\t\t\t\t\t\t  settings: {\r\n\t\t\t\t\t\t\t\tslidesToShow: 3,\r\n\t\t\t\t\t\t\t\tslidesToScroll: 3,  \r\n\t\t\t\t\t\t\t  }\r\n\t\t\t\t\t\t\t},\r\n\t\t\t\t\t\t\t{\r\n\t\t\t\t\t\t\t  breakpoint: 1025,\r\n\t\t\t\t\t\t\t  settings: {\r\n\t\t\t\t\t\t\t\tslidesToShow: 3,\r\n\t\t\t\t\t\t\t\tslidesToScroll: 3\r\n\t\t\t\t\t\t\t  }\r\n\t\t\t\t\t\t\t},\r\n\t\t\t\t\t\t\t{\r\n\t\t\t\t\t\t\t  breakpoint: 760,\r\n\t\t\t\t\t\t\t  settings: {\r\n\t\t\t\t\t\t\t\tslidesToShow: 1,\r\n\t\t\t\t\t\t\t\tslidesToScroll: 1\r\n\t\t\t\t\t\t\t  }\r\n\t\t\t\t\t\t\t}\r\n\t\t\t\t\t\t],pauseOnDotsHover: true,customPaging: function(slider, i) {\r\n                   return '<i type=\"button\" style= \"color:#333333;\" class=\"ultsl-record\" data-role=\"none\"><\/i>';\r\n                },});\r\n\t\t\t\t\t}\r\n\t\t\t\t});\r\n\t\t\t<\/script>\r\n\t\t\t<\/div><\/div><\/div><div class=\"vc_col-sm-3 wpb_column vc_column_container\"><div class=\"vc_column-inner\"><div class=\"wpb_wrapper\">\r\n\t<div class=\"wpb_text_column \">\r\n\t\t<div class=\"wpb_wrapper\">\r\n\t\t\t<h6><strong>CONT\u00c1CTANOS<\/strong><\/h6>\n\r\n\t\t<\/div>\r\n\t<\/div>\r\n<div class=\"w-separator size_small with_line width_default thick_1 style_solid color_border align_center\"><div class=\"w-separator-h\"><\/div><\/div>\r\n\t<div class=\"wpb_text_column \">\r\n\t\t<div class=\"wpb_wrapper\">\r\n\t\t\t<p><strong>Direcci\u00f3n<\/strong><br \/>\nBandera 899, Concepci\u00f3n \u2013 Chile<br \/>\n<strong>Tel\u00e9fono<\/strong><br \/>\n+56 41 3331450<br \/>\n<strong>Fax<\/strong><br \/>\n56 41-2910085<br \/>\n<strong>E-mail<\/strong><br \/>\nventas@hernanboeri.cl<\/p>\n<p><strong>Contactos Ventas<\/strong><\/p>\n<p>Hern\u00e1n Boeri: Gerencia.<br \/>\nPatricia Carrasco: Ventas e Importaciones.<br \/>\nRodrigo Medina: VI, VII, VIII Regiones.<br \/>\nRodrigo Araya: VIII, IX, X Regiones.<\/p>\n\r\n\t\t<\/div>\r\n\t<\/div>\r\n<div class=\"w-separator size_small with_line width_default thick_1 style_solid color_border align_center\"><div class=\"w-separator-h\"><\/div><\/div><div class=\"w-btn-wrapper width_auto align_center\"><a class=\"w-btn us-btn-style_1\" href=\"http:\/\/hernanboeri.cl\/v3\/cotizaciones\/\"><span class=\"w-btn-label\">Cotizaciones<\/span><\/a><\/div><\/div><\/div><\/div><\/div><\/div><\/section>\n","protected":false},"excerpt":{"rendered":"Proveemos cuchillos granuladores, cuchillos shredding, cuchillos peletizadores, entre otros. Los cuchillos para pl\u00e1sticos y reciclaje se fabrican con el mejor acero utilizando las aleaciones necesarias para el trabajo. La aleaci\u00f3n correcta de los aceros es crucial para un corte de calidad, alta resistencia al desgaste y la correcta tensi\u00f3n mec\u00e1nica. Adem\u00e1s de los cuchillos, suministramos...","protected":false},"author":1,"featured_media":79,"parent":0,"menu_order":0,"comment_status":"closed","ping_status":"closed","template":"","meta":{"footnotes":""},"class_list":["post-12","page","type-page","status-publish","has-post-thumbnail","hentry"],"_links":{"self":[{"href":"https:\/\/hernanboeri.cl\/v3\/wp-json\/wp\/v2\/pages\/12","targetHints":{"allow":["GET"]}}],"collection":[{"href":"https:\/\/hernanboeri.cl\/v3\/wp-json\/wp\/v2\/pages"}],"about":[{"href":"https:\/\/hernanboeri.cl\/v3\/wp-json\/wp\/v2\/types\/page"}],"author":[{"embeddable":true,"href":"https:\/\/hernanboeri.cl\/v3\/wp-json\/wp\/v2\/users\/1"}],"replies":[{"embeddable":true,"href":"https:\/\/hernanboeri.cl\/v3\/wp-json\/wp\/v2\/comments?post=12"}],"version-history":[{"count":11,"href":"https:\/\/hernanboeri.cl\/v3\/wp-json\/wp\/v2\/pages\/12\/revisions"}],"predecessor-version":[{"id":573,"href":"https:\/\/hernanboeri.cl\/v3\/wp-json\/wp\/v2\/pages\/12\/revisions\/573"}],"wp:featuredmedia":[{"embeddable":true,"href":"https:\/\/hernanboeri.cl\/v3\/wp-json\/wp\/v2\/media\/79"}],"wp:attachment":[{"href":"https:\/\/hernanboeri.cl\/v3\/wp-json\/wp\/v2\/media?parent=12"}],"curies":[{"name":"wp","href":"https:\/\/api.w.org\/{rel}","templated":true}]}}