{"id":101,"date":"2019-04-20T20:06:44","date_gmt":"2019-04-20T20:06:44","guid":{"rendered":"http:\/\/hernanboeri.cl\/v3\/?page_id=101"},"modified":"2019-06-22T03:43:40","modified_gmt":"2019-06-22T03:43:40","slug":"maquinaria","status":"publish","type":"page","link":"https:\/\/hernanboeri.cl\/v3\/maquinaria\/","title":{"rendered":"Maquinaria"},"content":{"rendered":"<section class=\"l-section wpb_row height_medium\"><div class=\"l-section-h i-cf\"><div class=\"g-cols vc_row type_default valign_top\"><div class=\"vc_col-sm-12 wpb_column vc_column_container\"><div class=\"vc_column-inner\"><div class=\"wpb_wrapper\"><div class=\"w-grid type_grid layout_117 cols_4 height_fixed\" id=\"us_grid_1\"><style id=\"us_grid_1_css\">#us_grid_1 .w-grid-item{padding:1.5rem}#us_grid_1 .w-grid-list{margin:-1.5rem}.w-grid + #us_grid_1 .w-grid-list{margin-top:1.5rem}.l-section.width_full .vc_row>.vc_col-sm-12>div>div>#us_grid_1 .w-grid-list{margin-left:1.5rem;margin-right:1.5rem}.l-section.height_auto .vc_row>.vc_col-sm-12>div>div>#us_grid_1:first-child .w-grid-list{margin-top:1.5rem}.l-section.height_auto .vc_row>.vc_col-sm-12>div>div>#us_grid_1:last-child .w-grid-list{margin-bottom:1.5rem}@media (max-width:1199px){#us_grid_1 .w-grid-item{width:33.333333333333%}}@media (max-width:899px){#us_grid_1 .w-grid-item{width:50%}}@media (max-width:599px){#us_grid_1 .w-grid-list{margin:0}#us_grid_1 .w-grid-item{width:100%;padding:0;margin-bottom:1.5rem}}<\/style><style>#us_grid_1 .w-grid-item-h:before{padding-bottom:100.0000%}#us_grid_1 .w-grid-item-h{}#us_grid_1 .usg_post_image_1{}#us_grid_1 .usg_post_image_1{transition-duration:0.35s;transform:scale(1) translate(0%,0%);opacity:0.65}#us_grid_1 .w-grid-item-h:hover .usg_post_image_1{transform:scale(1) translate(0%,0%);opacity:0.5}#us_grid_1 .usg_post_title_1{font-family:'Archivo', sans-serif;font-weight:700;text-transform:uppercase;font-size:1.2rem;color:inherit}#us_grid_1 .usg_post_title_1{transition-duration:0.35s;transform:scale(1) translate(0%,30%)}#us_grid_1 .w-grid-item-h:hover .usg_post_title_1{transform:scale(1) translate(0%,0%);opacity:1}#us_grid_1 .usg_html_1{width:100%;flex-shrink:0}#us_grid_1 .usg_html_1{transition-duration:0.35s;transform:scale(1) translate(0,900%);opacity:0}#us_grid_1 .w-grid-item-h:hover .usg_html_1{transform:scale(1) translate(0,0);opacity:1}#us_grid_1 .usg_vwrapper_1{}#us_grid_1 .usg_post_image_1{position:absolute;top:0;right:0;bottom:0;left:0}#us_grid_1 .usg_post_title_1{margin-bottom:1.3rem}#us_grid_1 .usg_html_1{border-style:solid;border-width:0;border-top-width:4px;border-bottom-width:0}#us_grid_1 .usg_vwrapper_1{position:absolute;top:0;right:0;left:0;padding-top:2rem;padding-right:2rem;padding-left:2rem}<\/style><div class=\"w-grid-list\"><article class=\"w-grid-item ratio_1x1 post-31 page type-page status-publish has-post-thumbnail hentry\" data-id=\"31\">\r\n\t<div class=\"w-grid-item-h\">\r\n\t\t\t\t<div class=\"w-post-elm post_image usg_post_image_1 stretched\"><a href=\"https:\/\/hernanboeri.cl\/v3\/fabricacion-pallets\/\" aria-label=\"Maquinaria para la Fabricaci\u00f3n de Pallets\"><img loading=\"lazy\" decoding=\"async\" width=\"800\" height=\"800\" src=\"https:\/\/hernanboeri.cl\/v3\/wp-content\/uploads\/2019\/06\/bck_g.jpg\" class=\"attachment-large size-large wp-post-image\" alt=\"\" srcset=\"https:\/\/hernanboeri.cl\/v3\/wp-content\/uploads\/2019\/06\/bck_g.jpg 800w, https:\/\/hernanboeri.cl\/v3\/wp-content\/uploads\/2019\/06\/bck_g-150x150.jpg 150w, https:\/\/hernanboeri.cl\/v3\/wp-content\/uploads\/2019\/06\/bck_g-300x300.jpg 300w, https:\/\/hernanboeri.cl\/v3\/wp-content\/uploads\/2019\/06\/bck_g-350x350.jpg 350w, https:\/\/hernanboeri.cl\/v3\/wp-content\/uploads\/2019\/06\/bck_g-600x600.jpg 600w\" sizes=\"auto, (max-width: 800px) 100vw, 800px\" \/><\/a><\/div><div class=\"w-vwrapper usg_vwrapper_1 align_left valign_top \"><h2 class=\"w-post-elm post_title usg_post_title_1 with_text_color entry-title color_link_inherit\"><a href=\"https:\/\/hernanboeri.cl\/v3\/fabricacion-pallets\/\">Maquinaria para la Fabricaci\u00f3n de Pallets<\/a><\/h2><div class=\"w-html usg_html_1\"><\/div><\/div>\t<\/div>\r\n<\/article>\r\n<article class=\"w-grid-item ratio_1x1 post-29 page type-page status-publish has-post-thumbnail hentry\" data-id=\"29\">\r\n\t<div class=\"w-grid-item-h\">\r\n\t\t\t\t<div class=\"w-post-elm post_image usg_post_image_1 stretched\"><a href=\"https:\/\/hernanboeri.cl\/v3\/maquinaria-elaboracion-madera\/\" aria-label=\"Maquinaria Elaboraci\u00f3n Madera\"><img loading=\"lazy\" decoding=\"async\" width=\"800\" height=\"800\" src=\"https:\/\/hernanboeri.cl\/v3\/wp-content\/uploads\/2019\/06\/bck_g.jpg\" class=\"attachment-large size-large wp-post-image\" alt=\"\" srcset=\"https:\/\/hernanboeri.cl\/v3\/wp-content\/uploads\/2019\/06\/bck_g.jpg 800w, https:\/\/hernanboeri.cl\/v3\/wp-content\/uploads\/2019\/06\/bck_g-150x150.jpg 150w, https:\/\/hernanboeri.cl\/v3\/wp-content\/uploads\/2019\/06\/bck_g-300x300.jpg 300w, https:\/\/hernanboeri.cl\/v3\/wp-content\/uploads\/2019\/06\/bck_g-350x350.jpg 350w, https:\/\/hernanboeri.cl\/v3\/wp-content\/uploads\/2019\/06\/bck_g-600x600.jpg 600w\" sizes=\"auto, (max-width: 800px) 100vw, 800px\" \/><\/a><\/div><div class=\"w-vwrapper usg_vwrapper_1 align_left valign_top \"><h2 class=\"w-post-elm post_title usg_post_title_1 with_text_color entry-title color_link_inherit\"><a href=\"https:\/\/hernanboeri.cl\/v3\/maquinaria-elaboracion-madera\/\">Maquinaria Elaboraci\u00f3n Madera<\/a><\/h2><div class=\"w-html usg_html_1\"><\/div><\/div>\t<\/div>\r\n<\/article>\r\n<article class=\"w-grid-item ratio_1x1 post-27 page type-page status-publish has-post-thumbnail hentry\" data-id=\"27\">\r\n\t<div class=\"w-grid-item-h\">\r\n\t\t\t\t<div class=\"w-post-elm post_image usg_post_image_1 stretched\"><a href=\"https:\/\/hernanboeri.cl\/v3\/rectificadoras\/\" aria-label=\"Rectificadoras\"><img loading=\"lazy\" decoding=\"async\" width=\"800\" height=\"800\" src=\"https:\/\/hernanboeri.cl\/v3\/wp-content\/uploads\/2019\/06\/bck_g.jpg\" class=\"attachment-large size-large wp-post-image\" alt=\"\" srcset=\"https:\/\/hernanboeri.cl\/v3\/wp-content\/uploads\/2019\/06\/bck_g.jpg 800w, https:\/\/hernanboeri.cl\/v3\/wp-content\/uploads\/2019\/06\/bck_g-150x150.jpg 150w, https:\/\/hernanboeri.cl\/v3\/wp-content\/uploads\/2019\/06\/bck_g-300x300.jpg 300w, https:\/\/hernanboeri.cl\/v3\/wp-content\/uploads\/2019\/06\/bck_g-350x350.jpg 350w, https:\/\/hernanboeri.cl\/v3\/wp-content\/uploads\/2019\/06\/bck_g-600x600.jpg 600w\" sizes=\"auto, (max-width: 800px) 100vw, 800px\" \/><\/a><\/div><div class=\"w-vwrapper usg_vwrapper_1 align_left valign_top \"><h2 class=\"w-post-elm post_title usg_post_title_1 with_text_color entry-title color_link_inherit\"><a href=\"https:\/\/hernanboeri.cl\/v3\/rectificadoras\/\">Rectificadoras<\/a><\/h2><div class=\"w-html usg_html_1\"><\/div><\/div>\t<\/div>\r\n<\/article>\r\n<article class=\"w-grid-item ratio_1x1 post-24 page type-page status-publish has-post-thumbnail hentry\" data-id=\"24\">\r\n\t<div class=\"w-grid-item-h\">\r\n\t\t\t\t<div class=\"w-post-elm post_image usg_post_image_1 stretched\"><a href=\"https:\/\/hernanboeri.cl\/v3\/camaras-de-secado\/\" aria-label=\"C\u00e1maras de Secado\"><img loading=\"lazy\" decoding=\"async\" width=\"800\" height=\"800\" src=\"https:\/\/hernanboeri.cl\/v3\/wp-content\/uploads\/2019\/06\/bck_g.jpg\" class=\"attachment-large size-large wp-post-image\" alt=\"\" srcset=\"https:\/\/hernanboeri.cl\/v3\/wp-content\/uploads\/2019\/06\/bck_g.jpg 800w, https:\/\/hernanboeri.cl\/v3\/wp-content\/uploads\/2019\/06\/bck_g-150x150.jpg 150w, https:\/\/hernanboeri.cl\/v3\/wp-content\/uploads\/2019\/06\/bck_g-300x300.jpg 300w, https:\/\/hernanboeri.cl\/v3\/wp-content\/uploads\/2019\/06\/bck_g-350x350.jpg 350w, https:\/\/hernanboeri.cl\/v3\/wp-content\/uploads\/2019\/06\/bck_g-600x600.jpg 600w\" sizes=\"auto, (max-width: 800px) 100vw, 800px\" \/><\/a><\/div><div class=\"w-vwrapper usg_vwrapper_1 align_left valign_top \"><h2 class=\"w-post-elm post_title usg_post_title_1 with_text_color entry-title color_link_inherit\"><a href=\"https:\/\/hernanboeri.cl\/v3\/camaras-de-secado\/\">C\u00e1maras de Secado<\/a><\/h2><div class=\"w-html usg_html_1\"><\/div><\/div>\t<\/div>\r\n<\/article>\r\n<\/div>\t<div class=\"w-grid-json hidden\" onclick='return {&quot;ajax_url&quot;:&quot;https:\\\/\\\/hernanboeri.cl\\\/v3\\\/wp-admin\\\/admin-ajax.php&quot;,&quot;permalink_url&quot;:&quot;https:\\\/\\\/hernanboeri.cl\\\/v3\\\/camaras-de-secado\\\/&quot;,&quot;action&quot;:&quot;us_ajax_grid&quot;,&quot;max_num_pages&quot;:1,&quot;infinite_scroll&quot;:0,&quot;template_vars&quot;:{&quot;query_args&quot;:{&quot;orderby&quot;:{&quot;date&quot;:&quot;DESC&quot;},&quot;ignore_sticky_posts&quot;:1,&quot;post_type&quot;:&quot;any&quot;,&quot;post__in&quot;:[&quot;24&quot;,&quot; 27&quot;,&quot; 29&quot;,&quot; 31&quot;],&quot;post_status&quot;:[&quot;publish&quot;],&quot;posts_per_page&quot;:&quot;4&quot;},&quot;post_id&quot;:101,&quot;us_grid_index&quot;:1,&quot;us_grid_ajax_index&quot;:1,&quot;exclude_items&quot;:&quot;none&quot;,&quot;items_offset&quot;:&quot;1&quot;,&quot;items_layout&quot;:&quot;117&quot;,&quot;type&quot;:&quot;grid&quot;,&quot;columns&quot;:&quot;4&quot;,&quot;img_size&quot;:&quot;default&quot;,&quot;overriding_link&quot;:&quot;none&quot;},&quot;carousel_settings&quot;:{&quot;items&quot;:&quot;4&quot;,&quot;nav&quot;:0,&quot;navNext&quot;:&quot;&quot;,&quot;navPrev&quot;:&quot;&quot;,&quot;dots&quot;:0,&quot;center&quot;:0,&quot;autoplay&quot;:0,&quot;smooth_play&quot;:0,&quot;timeout&quot;:3000,&quot;speed&quot;:250,&quot;transition&quot;:&quot;&quot;,&quot;autoheight&quot;:0,&quot;slideby&quot;:&quot;1&quot;},&quot;carousel_breakpoints&quot;:{&quot;1200&quot;:{&quot;items&quot;:&quot;4&quot;},&quot;900&quot;:{&quot;items&quot;:3,&quot;autoplay&quot;:1,&quot;autoplayHoverPause&quot;:1},&quot;600&quot;:{&quot;items&quot;:2,&quot;autoplay&quot;:1,&quot;autoplayHoverPause&quot;:1},&quot;0&quot;:{&quot;items&quot;:1,&quot;autoHeight&quot;:true,&quot;autoplay&quot;:1,&quot;autoplayHoverPause&quot;:1}}}'><\/div>\r\n<\/div><\/div><\/div><\/div><\/div><\/div><\/section>\n","protected":false},"excerpt":{"rendered":"Hern\u00e1n Boeri y Compa\u00f1\u00eda representa exclusivamente en Chile a Secal Srl. SECAL es una empresa italiana, especializada en la producci\u00f3n de equipos para el secado, vaporizaci\u00f3n y el tratamiento HT de la madera. Fundada en 1995 en Resana, actualmente es una empresa consolidada en el mercado internacional. Reconocida como un interlocutor fiable, ha conquistado con...","protected":false},"author":1,"featured_media":254,"parent":0,"menu_order":0,"comment_status":"closed","ping_status":"closed","template":"","meta":{"footnotes":""},"class_list":["post-101","page","type-page","status-publish","has-post-thumbnail","hentry"],"_links":{"self":[{"href":"https:\/\/hernanboeri.cl\/v3\/wp-json\/wp\/v2\/pages\/101","targetHints":{"allow":["GET"]}}],"collection":[{"href":"https:\/\/hernanboeri.cl\/v3\/wp-json\/wp\/v2\/pages"}],"about":[{"href":"https:\/\/hernanboeri.cl\/v3\/wp-json\/wp\/v2\/types\/page"}],"author":[{"embeddable":true,"href":"https:\/\/hernanboeri.cl\/v3\/wp-json\/wp\/v2\/users\/1"}],"replies":[{"embeddable":true,"href":"https:\/\/hernanboeri.cl\/v3\/wp-json\/wp\/v2\/comments?post=101"}],"version-history":[{"count":5,"href":"https:\/\/hernanboeri.cl\/v3\/wp-json\/wp\/v2\/pages\/101\/revisions"}],"predecessor-version":[{"id":571,"href":"https:\/\/hernanboeri.cl\/v3\/wp-json\/wp\/v2\/pages\/101\/revisions\/571"}],"wp:featuredmedia":[{"embeddable":true,"href":"https:\/\/hernanboeri.cl\/v3\/wp-json\/wp\/v2\/media\/254"}],"wp:attachment":[{"href":"https:\/\/hernanboeri.cl\/v3\/wp-json\/wp\/v2\/media?parent=101"}],"curies":[{"name":"wp","href":"https:\/\/api.w.org\/{rel}","templated":true}]}}